{"id":16247945,"date":"2023-01-26T20:28:42","date_gmt":"2023-01-26T20:28:42","guid":{"rendered":"https:\/\/www.aprendevirtual.com\/kekos\/?page_id=16247945"},"modified":"2023-04-16T22:10:23","modified_gmt":"2023-04-16T22:10:23","slug":"nuestro-modelo-editorial","status":"publish","type":"page","link":"https:\/\/www.aprendevirtual.com\/kekos\/nuestro-modelo-editorial\/","title":{"rendered":"Nuestro-modelo-editorial"},"content":{"rendered":"<p>[et_pb_section fb_built=\u00bb1&#8243; admin_label=\u00bbHeader\u00bb _builder_version=\u00bb4.19.4&#8243; _module_preset=\u00bbdefault\u00bb background_color=\u00bbRGBA(255,255,255,0)\u00bb use_background_color_gradient=\u00bbon\u00bb background_color_gradient_stops=\u00bb#003d79 13%|rgba(0,0,0,0) 100%\u00bb background_color_gradient_overlays_image=\u00bbon\u00bb background_color_gradient_start=\u00bb#003d79&#8243; background_color_gradient_end=\u00bbrgba(0,0,0,0)\u00bb background_image=\u00bbhttps:\/\/www.aprendevirtual.com\/kekos\/wp-content\/uploads\/2023\/01\/autores-1-scaled.jpg\u00bb custom_padding=\u00bb||0px||false|false\u00bb locked=\u00bboff\u00bb collapsed=\u00bbon\u00bb global_colors_info=\u00bb{}\u00bb][et_pb_row _builder_version=\u00bb4.19.0&#8243; _module_preset=\u00bbdefault\u00bb background_enable_color=\u00bboff\u00bb width=\u00bb56.3%\u00bb width_tablet=\u00bb80%\u00bb width_phone=\u00bb80%\u00bb width_last_edited=\u00bbon|tablet\u00bb global_colors_info=\u00bb{}\u00bb][et_pb_column type=\u00bb4_4&#8243; _builder_version=\u00bb4.17.1&#8243; _module_preset=\u00bbdefault\u00bb global_colors_info=\u00bb{}\u00bb][et_pb_text _builder_version=\u00bb4.19.4&#8243; _module_preset=\u00bbdefault\u00bb header_font=\u00bb|700|||||||\u00bb header_text_color=\u00bb#E1ECEA\u00bb header_font_size=\u00bb70px\u00bb header_line_height=\u00bb1.1em\u00bb text_orientation=\u00bbcenter\u00bb custom_margin=\u00bb||0px||false|false\u00bb header_font_size_tablet=\u00bb40px\u00bb header_font_size_phone=\u00bb24px\u00bb header_font_size_last_edited=\u00bbon|desktop\u00bb header_text_shadow_style=\u00bbpreset4&#8243; global_colors_info=\u00bb{}\u00bb]<\/p>\n<h1>Nuestro Modelo Editorial<\/h1>\n<p>[\/et_pb_text][\/et_pb_column][\/et_pb_row][et_pb_row _builder_version=\u00bb4.19.4&#8243; _module_preset=\u00bbdefault\u00bb locked=\u00bboff\u00bb global_colors_info=\u00bb{}\u00bb][et_pb_column type=\u00bb4_4&#8243; _builder_version=\u00bb4.19.4&#8243; _module_preset=\u00bbdefault\u00bb global_colors_info=\u00bb{}\u00bb][et_pb_text _builder_version=\u00bb4.19.4&#8243; _module_preset=\u00bbdefault\u00bb text_font=\u00bb|600||on|||||\u00bb text_text_color=\u00bb#FFF347&#8243; text_font_size=\u00bb25px\u00bb text_orientation=\u00bbright\u00bb custom_margin=\u00bb-25px||||false|false\u00bb text_text_shadow_style=\u00bbpreset4&#8243; text_text_shadow_color=\u00bb#000000&#8243; global_colors_info=\u00bb{}\u00bb]<\/p>\n<p>sobre la revista<\/p>\n<p>[\/et_pb_text][\/et_pb_column][\/et_pb_row][\/et_pb_section][et_pb_section fb_built=\u00bb1&#8243; _builder_version=\u00bb4.16&#8243; _module_preset=\u00bbdefault\u00bb collapsed=\u00bboff\u00bb global_colors_info=\u00bb{}\u00bb][et_pb_row _builder_version=\u00bb4.19.0&#8243; _module_preset=\u00bbdefault\u00bb background_enable_color=\u00bboff\u00bb custom_padding=\u00bb21px|40px|0px|40px||\u00bb locked=\u00bboff\u00bb collapsed=\u00bboff\u00bb global_colors_info=\u00bb{}\u00bb][et_pb_column type=\u00bb4_4&#8243; _builder_version=\u00bb4.17.4&#8243; _module_preset=\u00bbdefault\u00bb global_colors_info=\u00bb{}\u00bb][et_pb_text _builder_version=\u00bb4.19.4&#8243; _module_preset=\u00bbdefault\u00bb text_font=\u00bb||||||||\u00bb text_font_size=\u00bb35px\u00bb text_line_height=\u00bb1.2em\u00bb header_2_font=\u00bbCormorant Garamond|700|||||||\u00bb header_2_font_size=\u00bb60px\u00bb header_2_line_height=\u00bb1.2em\u00bb custom_margin=\u00bb-34px|||||\u00bb custom_padding=\u00bb51px|||||\u00bb text_text_shadow_style=\u00bbpreset1&#8243; header_text_shadow_style=\u00bbpreset1&#8243; global_colors_info=\u00bb{}\u00bb]<\/p>\n<p style=\"text-align: right;\"><span style=\"color: #3366ff;\">Modelo editorial<\/span><\/p>\n<p>[\/et_pb_text][et_pb_text _builder_version=\u00bb4.19.4&#8243; _module_preset=\u00bbdefault\u00bb text_text_color=\u00bb#00208A\u00bb text_font_size=\u00bb15px\u00bb background_color=\u00bb#f4f4f4&#8243; hover_enabled=\u00bb0&#8243; text_text_shadow_style=\u00bbpreset1&#8243; global_colors_info=\u00bb{}\u00bb sticky_enabled=\u00bb0&#8243;]<\/p>\n<p style=\"padding-left: 40px;\">\n<p style=\"padding-left: 40px;\">El modelo editorial de la RDIPyCS asegura la calidad, el rigor y la relevancia de los art\u00edculos publicados, buscando atraer autores y lectores, y mantener la sostenibilidad financiera de la publicaci\u00f3n.<\/p>\n<p style=\"padding-left: 40px;\">[\/et_pb_text][et_pb_divider color=\u00bb#0038f0&#8243; divider_weight=\u00bb3px\u00bb _builder_version=\u00bb4.19.4&#8243; _module_preset=\u00bbdefault\u00bb hover_enabled=\u00bb0&#8243; locked=\u00bboff\u00bb global_colors_info=\u00bb{}\u00bb sticky_enabled=\u00bb0&#8243;][\/et_pb_divider][\/et_pb_column][\/et_pb_row][et_pb_row _builder_version=\u00bb4.19.4&#8243; _module_preset=\u00bbdefault\u00bb global_colors_info=\u00bb{}\u00bb][et_pb_column type=\u00bb4_4&#8243; _builder_version=\u00bb4.18.0&#8243; _module_preset=\u00bbdefault\u00bb global_colors_info=\u00bb{}\u00bb][dgat_advancedtab tab_event_type=\u00bbmouseover\u00bb icon_color=\u00bb#0038f0&#8243; icon_color_active=\u00bb#6c2eb9&#8243; icon_align=\u00bbcenter\u00bb use_active_arrow=\u00bbon\u00bb active_arrow_color=\u00bb#0038f0&#8243; arrow_align=\u00bbcenter\u00bb admin_label=\u00bbAdvanced Tabs\u00bb _builder_version=\u00bb4.19.4&#8243; _module_preset=\u00bbdefault\u00bb title_font=\u00bb|600|||||||\u00bb title_text_align=\u00bbcenter\u00bb title_text_color=\u00bb#0038f0&#8243; title_active_text_color=\u00bb#6c2eb9&#8243; custom_padding=\u00bb0px|||||\u00bb hover_enabled=\u00bb0&#8243; title_text_shadow_style=\u00bbpreset1&#8243; locked=\u00bboff\u00bb global_colors_info=\u00bb{}\u00bb sticky_enabled=\u00bb0&#8243;][dgat_advancedtabitem title=\u00bbModelos Editoriales de Revistas\u00bb use_icon=\u00bbon\u00bb font_icon=\u00bb&#xf518;||fa||900&#8243; at_button_button_url_new_window=\u00bbon\u00bb _builder_version=\u00bb4.19.4&#8243; text_text_color=\u00bb#000000&#8243; hover_enabled=\u00bb0&#8243; text_text_shadow_style=\u00bbpreset1&#8243; global_colors_info=\u00bb{}\u00bb sticky_enabled=\u00bb0&#8243;]<\/p>\n<p>Hay varios modelos de publicaci\u00f3n de art\u00edculos cient\u00edficos en el mundo. A continuaci\u00f3n, se presentan algunos de los m\u00e1s comunes:<\/p>\n<ol>\n<li style=\"list-style-type: none;\">\n<ol>\n<li><strong>Acceso Abierto (Open Access)<\/strong>: Este modelo de publicaci\u00f3n de art\u00edculos cient\u00edficos implica que el acceso a los art\u00edculos es gratuito y de libre acceso para cualquier lector interesado. El costo de publicaci\u00f3n puede ser cubierto por los autores, sus instituciones de investigaci\u00f3n, o a trav\u00e9s de financiamiento externo. Hay tres modelos principales de acceso abierto:\n<ol>\n<li>El modelo \u00abverde\u00bb, en el que se publica una versi\u00f3n de autor en un repositorio institucional o tem\u00e1tico despu\u00e9s de la publicaci\u00f3n en una revista,<\/li>\n<li>El modelo \u00abdorado\u00bb, en el que el art\u00edculo se publica directamente en una revista de acceso abierto, y finalmente,<\/li>\n<li>El modelo \u00abdiamante\u00bb que es un movimiento de acceso abierto a la literatura cient\u00edfica sin fines de lucro, que por su naturaleza no hacen ning\u00fan cargo a los autores por el procesamiento de sus art\u00edculos .<\/li>\n<\/ol>\n<\/li>\n<li><strong>Acceso restringido<\/strong>: Este modelo implica que los art\u00edculos s\u00f3lo est\u00e1n disponibles para suscriptores o para aquellos que pagan una tarifa para acceder al art\u00edculo en l\u00ednea. Este modelo es com\u00fanmente utilizado por revistas comerciales y cient\u00edficas establecidas.<\/li>\n<li><strong>Acceso h\u00edbrido<\/strong>: Este modelo es una combinaci\u00f3n de acceso abierto y acceso restringido. Permite que los autores paguen una tarifa para que sus art\u00edculos sean de acceso abierto en una revista que normalmente requiere suscripci\u00f3n para acceder a sus contenidos.<\/li>\n<li><strong>Publicaci\u00f3n gratuita (Gratis OA)<\/strong>: En este modelo de publicaci\u00f3n, el acceso al contenido es gratuito, pero no se permite la reutilizaci\u00f3n o distribuci\u00f3n sin permiso expreso del titular del copyright.<\/li>\n<li><strong>Publicaci\u00f3n en preimpresi\u00f3n<\/strong>: Este modelo de publicaci\u00f3n permite a los autores publicar una versi\u00f3n temprana de su trabajo en un repositorio o servidor en l\u00ednea antes de que se revise por pares y se publique en una revista cient\u00edfica.<\/li>\n<\/ol>\n<\/li>\n<\/ol>\n<p style=\"text-align: right;\">OpenAI. (2023, abril 15). Cu\u00e1les son los modelos de publicaci\u00f3n de art\u00edculos cient\u00edficos en el mundo [Mensaje de ChatGPT]. ChatGPT. https:\/\/openai.com\/<\/p>\n<p>[\/dgat_advancedtabitem][dgat_advancedtabitem title=\u00bbNuestro Modelo\u00bb use_icon=\u00bbon\u00bb font_icon=\u00bb&#xe05a;||divi||400&#8243; at_button_button_url_new_window=\u00bbon\u00bb _builder_version=\u00bb4.19.4&#8243; text_text_color=\u00bb#000000&#8243; hover_enabled=\u00bb0&#8243; text_text_shadow_style=\u00bbpreset1&#8243; global_colors_info=\u00bb{}\u00bb sticky_enabled=\u00bb0&#8243;]<\/p>\n<p>El modelo editorial de negocio de la <strong><em>Revista Digital Internacional de Psicolog\u00eda y Ciencias Sociales<\/em><\/strong> (RDIPyCS) es el diamante que es un movimiento de acceso abierto a la literatura cient\u00edfica sin fines de lucro, que por su naturaleza no hacen ning\u00fan cargo a los autores por el procesamiento de sus art\u00edculos. Los recursos para su operaci\u00f3n los obtienen los editores de las revistas de donaciones, fondos p\u00fablicos o de universidades.<\/p>\n<p>Este modelo de negocios, denominado por la UNESCO en su libro \u201c<a href=\"https:\/\/unesdoc.unesco.org\/ark:\/48223\/pf0000232207?posInSet=1&amp;queryId=747e182b-214f-4875-be8a-29a5cc78b6dc\">Concepts of openness and open access<\/a>\u201d (2015) como modelo gratis, es un movimiento alterno que busca sobre la base de una postura sustentada en principios de libertad de tr\u00e1nsito de la informaci\u00f3n cient\u00edfica establecerse en una alternativa a las pr\u00e1cticas monop\u00f3licas de los grandes editores que han privatizado el conocimiento cient\u00edfico, y romper las barreras de la divulgaci\u00f3n de la ciencia que existen entre los pa\u00edses desarrollados y aquellos en v\u00edas de desarrollo. Desde este modelo es necesario impulsar proyectos editoriales desde las universidades y los organismos gubernamentales que sean financiados mediante fondos p\u00fablicos, como es el caso de esta revista.<\/p>\n<p>Como pa\u00edses en desarrollo M\u00e9xico y Argentina, que son los lugares de origen de la RDIPyCS, se opt\u00f3 por el modelo editorial diamante, puesto que no solamente no hace ning\u00fan cargo al autor por el procesamiento de su art\u00edculo, sino que adem\u00e1s representa una opci\u00f3n que democratiza el conocimiento al ponerlo a disposici\u00f3n de todos, sin costo para quien publica porque los gastos de la edici\u00f3n de la revista son cubiertos por las Universidad Nacional Aut\u00f3noma de M\u00e9xico, a trav\u00e9s del Laboratorio de Evaluaci\u00f3n y Educaci\u00f3n Digital (LEED) y la Universidad Abierta Interamericana de Argentina, por medio de la Facultad de Ciencias Econ\u00f3micas.<\/p>\n<p>Este modelo editorial de negocio pone a disponible el conocimiento a todo aquel que est\u00e9 conectado a Internet: ricos y pobres, privilegiados y desfavorecidos, al romper las barreras entre la universidad y el resto de la sociedad, as\u00ed como entre los pa\u00edses desarrollados y en desarrollo; y ayuda a superar la occidentalizaci\u00f3n de la literatura cient\u00edfica mediante la creaci\u00f3n de una comunidad de investigaci\u00f3n m\u00e1s descentralizada y mejor distribuida, como lo se\u00f1ala <a href=\"https:\/\/www.upress.umn.edu\/book-division\/books\/digitize-this-book\">Hall (2008<\/a>).<\/p>\n<p>Estos esfuerzos de la RDIPyCS, aunque peque\u00f1os, buscan impulsar el flujo del conocimiento cient\u00edfico a trav\u00e9s de un movimiento de acceso abierto totalmente libre de aranceles, ya sea para las bibliotecas o los autores de los art\u00edculos.<\/p>\n<hr \/>\n<p>Si desea conocer m\u00e1s sobre nuestro modelo le recomendamos que lea el art\u00edculo siguiente:<br \/>Silva-Rodr\u00edguez, A. (2016). <a href=\"https:\/\/cuved.unam.mx\/revistas\/index.php\/rdpcs\/article\/view\/73\/106\" title=\"Art\u00edculo\">La sostenibilidad de la divulgaci\u00f3n de la ciencia mediante modelos de negocios de acceso abierto<\/a>.<span>\u00a0<\/span><i style=\"box-sizing: border-box; color: rgba(0, 0, 0, 0.87); font-family: 'Noto Sans', -apple-system, 'system-ui', 'Segoe UI', Roboto, Oxygen-Sans, Ubuntu, Cantarell, 'Helvetica Neue', sans-serif; font-size: 12px; font-variant-ligatures: normal; font-variant-caps: normal; font-weight: 400; letter-spacing: normal; orphans: 2; text-align: start; text-indent: 0px; text-transform: none; white-space: normal; widows: 2; word-spacing: 0px; -webkit-text-stroke-width: 0px; background-color: #ffffff; text-decoration-thickness: initial; text-decoration-style: initial; text-decoration-color: initial;\">Revista Digital Internacional De Psicolog\u00eda Y Ciencia Social<\/i><span style=\"color: rgba(0, 0, 0, 0.87); font-family: 'Noto Sans', -apple-system, 'system-ui', 'Segoe UI', Roboto, Oxygen-Sans, Ubuntu, Cantarell, 'Helvetica Neue', sans-serif; font-size: 12px; font-style: normal; font-variant-ligatures: normal; font-variant-caps: normal; font-weight: 400; letter-spacing: normal; orphans: 2; text-align: start; text-indent: 0px; text-transform: none; white-space: normal; widows: 2; word-spacing: 0px; -webkit-text-stroke-width: 0px; background-color: #ffffff; text-decoration-thickness: initial; text-decoration-style: initial; text-decoration-color: initial; display: inline !important; float: none;\">,<span>\u00a0<\/span><\/span><i style=\"box-sizing: border-box; color: rgba(0, 0, 0, 0.87); font-family: 'Noto Sans', -apple-system, 'system-ui', 'Segoe UI', Roboto, Oxygen-Sans, Ubuntu, Cantarell, 'Helvetica Neue', sans-serif; font-size: 12px; font-variant-ligatures: normal; font-variant-caps: normal; font-weight: 400; letter-spacing: normal; orphans: 2; text-align: start; text-indent: 0px; text-transform: none; white-space: normal; widows: 2; word-spacing: 0px; -webkit-text-stroke-width: 0px; background-color: #ffffff; text-decoration-thickness: initial; text-decoration-style: initial; text-decoration-color: initial;\">2<\/i><span style=\"color: rgba(0, 0, 0, 0.87); font-family: 'Noto Sans', -apple-system, 'system-ui', 'Segoe UI', Roboto, Oxygen-Sans, Ubuntu, Cantarell, 'Helvetica Neue', sans-serif; font-size: 12px; font-style: normal; font-variant-ligatures: normal; font-variant-caps: normal; font-weight: 400; letter-spacing: normal; orphans: 2; text-align: start; text-indent: 0px; text-transform: none; white-space: normal; widows: 2; word-spacing: 0px; -webkit-text-stroke-width: 0px; background-color: #ffffff; text-decoration-thickness: initial; text-decoration-style: initial; text-decoration-color: initial; display: inline !important; float: none;\">(1), 21-39. https:\/\/doi.org\/10.22402\/j.rdipycs.unam.2.1.2016.73.21-39<\/span><\/p>\n<p>[\/dgat_advancedtabitem][\/dgat_advancedtab][\/et_pb_column][\/et_pb_row][\/et_pb_section]<\/p>\n","protected":false},"excerpt":{"rendered":"<p>Nuestro Modelo Editorialsobre la revistaModelo editorial El modelo editorial de la RDIPyCS asegura la calidad, el rigor y la relevancia de los art\u00edculos publicados, buscando atraer autores y lectores, y mantener la sostenibilidad financiera de la publicaci\u00f3n. <div class=\"et_pb_module dgat_advancedtab dgat_advancedtab_0\">\n\t\t\t\t\n\t\t\t\t\n\t\t\t\t\n\t\t\t\t\n\t\t\t\t\n\t\t\t\t\n\t\t\t\t<div class=\"et_pb_module_inner\">\n\t\t\t\t\t<div class=\"dg_at_container\" data-settings='{\"tab_event_type\":\"\\u00bbmouseover\\u00bb\",\"use_sticky_nav\":\"\",\"use_scroll_to_content\":\"\",\"sticky_distance\":\"55px\",\"sticky_distance_tablet\":\"55px\",\"sticky_distance_phone\":\"\",\"tab_animation\":\"fade_in\",\"extra_space\":false,\"turn_off_sticky\":\"none\",\"module_class\":\"dgat_advancedtab_0\",\"animation_duration\":\"200\"}'>\r\n                <div class=\"dg_at_nav_wrap\"><div class=\"dg_at_nav_container\"><\/div><\/div>\r\n                <div class=\"dg_at_all_tabs_wrap\"><div class=\"dg_at_all_tabs\"><\/div><\/div>\r\n            <\/div>\n\t\t\t\t<\/div>\n\t\t\t<\/div><\/p>\n","protected":false},"author":3,"featured_media":0,"parent":0,"menu_order":0,"comment_status":"closed","ping_status":"closed","template":"","meta":{"_et_pb_use_builder":"on","_et_pb_old_content":"","_et_gb_content_width":"","_coblocks_attr":"","_coblocks_dimensions":"","_coblocks_responsive_height":"","_coblocks_accordion_ie_support":"","footnotes":""},"class_list":["post-16247945","page","type-page","status-publish","hentry"],"_links":{"self":[{"href":"https:\/\/www.aprendevirtual.com\/kekos\/wp-json\/wp\/v2\/pages\/16247945","targetHints":{"allow":["GET"]}}],"collection":[{"href":"https:\/\/www.aprendevirtual.com\/kekos\/wp-json\/wp\/v2\/pages"}],"about":[{"href":"https:\/\/www.aprendevirtual.com\/kekos\/wp-json\/wp\/v2\/types\/page"}],"author":[{"embeddable":true,"href":"https:\/\/www.aprendevirtual.com\/kekos\/wp-json\/wp\/v2\/users\/3"}],"replies":[{"embeddable":true,"href":"https:\/\/www.aprendevirtual.com\/kekos\/wp-json\/wp\/v2\/comments?post=16247945"}],"version-history":[{"count":12,"href":"https:\/\/www.aprendevirtual.com\/kekos\/wp-json\/wp\/v2\/pages\/16247945\/revisions"}],"predecessor-version":[{"id":16248246,"href":"https:\/\/www.aprendevirtual.com\/kekos\/wp-json\/wp\/v2\/pages\/16247945\/revisions\/16248246"}],"wp:attachment":[{"href":"https:\/\/www.aprendevirtual.com\/kekos\/wp-json\/wp\/v2\/media?parent=16247945"}],"curies":[{"name":"wp","href":"https:\/\/api.w.org\/{rel}","templated":true}]}}