{"id":16247941,"date":"2023-01-26T20:25:49","date_gmt":"2023-01-26T20:25:49","guid":{"rendered":"https:\/\/www.aprendevirtual.com\/kekos\/?page_id=16247941"},"modified":"2023-04-17T08:21:15","modified_gmt":"2023-04-17T08:21:15","slug":"valores-editoriales","status":"publish","type":"page","link":"https:\/\/www.aprendevirtual.com\/kekos\/valores-editoriales\/","title":{"rendered":"Valores-editoriales"},"content":{"rendered":"<p>[et_pb_section fb_built=\u00bb1&#8243; admin_label=\u00bbHeader\u00bb _builder_version=\u00bb4.19.4&#8243; _module_preset=\u00bbdefault\u00bb background_color=\u00bbRGBA(255,255,255,0)\u00bb use_background_color_gradient=\u00bbon\u00bb background_color_gradient_stops=\u00bb#003d79 13%|rgba(0,0,0,0) 100%\u00bb background_color_gradient_overlays_image=\u00bbon\u00bb background_color_gradient_start=\u00bb#003d79&#8243; background_color_gradient_end=\u00bbrgba(0,0,0,0)\u00bb background_image=\u00bbhttps:\/\/www.aprendevirtual.com\/kekos\/wp-content\/uploads\/2023\/01\/autores-1-scaled.jpg\u00bb custom_padding=\u00bb||0px||false|false\u00bb locked=\u00bboff\u00bb collapsed=\u00bbon\u00bb global_colors_info=\u00bb{}\u00bb][et_pb_row _builder_version=\u00bb4.19.0&#8243; _module_preset=\u00bbdefault\u00bb background_enable_color=\u00bboff\u00bb width=\u00bb59%\u00bb width_tablet=\u00bb80%\u00bb width_phone=\u00bb80%\u00bb width_last_edited=\u00bbon|tablet\u00bb global_colors_info=\u00bb{}\u00bb][et_pb_column type=\u00bb4_4&#8243; _builder_version=\u00bb4.17.1&#8243; _module_preset=\u00bbdefault\u00bb global_colors_info=\u00bb{}\u00bb][et_pb_text _builder_version=\u00bb4.19.4&#8243; _module_preset=\u00bbdefault\u00bb header_font=\u00bb|700|||||||\u00bb header_text_color=\u00bb#E1ECEA\u00bb header_font_size=\u00bb70px\u00bb header_line_height=\u00bb1.1em\u00bb text_orientation=\u00bbcenter\u00bb custom_margin=\u00bb||0px||false|false\u00bb header_font_size_tablet=\u00bb40px\u00bb header_font_size_phone=\u00bb24px\u00bb header_font_size_last_edited=\u00bbon|desktop\u00bb header_text_shadow_style=\u00bbpreset4&#8243; global_colors_info=\u00bb{}\u00bb]<\/p>\n<h1>Valores Editoriales<\/h1>\n<p>[\/et_pb_text][\/et_pb_column][\/et_pb_row][et_pb_row _builder_version=\u00bb4.19.4&#8243; _module_preset=\u00bbdefault\u00bb locked=\u00bboff\u00bb global_colors_info=\u00bb{}\u00bb][et_pb_column type=\u00bb4_4&#8243; _builder_version=\u00bb4.19.4&#8243; _module_preset=\u00bbdefault\u00bb global_colors_info=\u00bb{}\u00bb][et_pb_text _builder_version=\u00bb4.19.4&#8243; _module_preset=\u00bbdefault\u00bb text_font=\u00bb|600||on|||||\u00bb text_text_color=\u00bb#FFF347&#8243; text_font_size=\u00bb25px\u00bb text_orientation=\u00bbright\u00bb custom_margin=\u00bb-40px||||false|false\u00bb text_text_shadow_style=\u00bbpreset4&#8243; text_text_shadow_color=\u00bb#000000&#8243; global_colors_info=\u00bb{}\u00bb]<\/p>\n<p>sobre la revista<\/p>\n<p>[\/et_pb_text][\/et_pb_column][\/et_pb_row][\/et_pb_section][et_pb_section fb_built=\u00bb1&#8243; _builder_version=\u00bb4.16&#8243; _module_preset=\u00bbdefault\u00bb collapsed=\u00bboff\u00bb global_colors_info=\u00bb{}\u00bb][et_pb_row _builder_version=\u00bb4.19.0&#8243; _module_preset=\u00bbdefault\u00bb background_enable_color=\u00bboff\u00bb custom_padding=\u00bb21px|40px|0px|40px||\u00bb locked=\u00bboff\u00bb collapsed=\u00bboff\u00bb global_colors_info=\u00bb{}\u00bb][et_pb_column type=\u00bb4_4&#8243; _builder_version=\u00bb4.17.4&#8243; _module_preset=\u00bbdefault\u00bb global_colors_info=\u00bb{}\u00bb][et_pb_text _builder_version=\u00bb4.19.4&#8243; _module_preset=\u00bbdefault\u00bb text_font=\u00bb||||||||\u00bb text_font_size=\u00bb35px\u00bb text_line_height=\u00bb1.2em\u00bb header_2_font=\u00bbCormorant Garamond|700|||||||\u00bb header_2_font_size=\u00bb60px\u00bb header_2_line_height=\u00bb1.2em\u00bb custom_margin=\u00bb-34px|||||\u00bb custom_padding=\u00bb51px|||||\u00bb text_text_shadow_style=\u00bbpreset1&#8243; header_text_shadow_style=\u00bbpreset1&#8243; global_colors_info=\u00bb{}\u00bb]<\/p>\n<p style=\"text-align: right;\"><span style=\"color: #3366ff;\">Valores b\u00e1sicos<br \/><\/span><\/p>\n<p>[\/et_pb_text][et_pb_text _builder_version=\u00bb4.19.4&#8243; _module_preset=\u00bbdefault\u00bb text_text_color=\u00bb#00208A\u00bb text_font_size=\u00bb15px\u00bb background_color=\u00bb#f4f4f4&#8243; text_text_shadow_style=\u00bbpreset1&#8243; global_colors_info=\u00bb{}\u00bb]<\/p>\n<p style=\"padding-left: 40px;\">\n<p style=\"padding-left: 40px;\">Los valores b\u00e1sicos que norman las acciones de la revista tienen como prop\u00f3sito por un lado, guiar a los autores\/as para que adopten las mejores pr\u00e1cticas y fomentar una cultura de calidad y rigor. Por otro lado, hacer del conocimiento de sus lectores la manera que sus editores toman las decisiones m\u00e1s informadas y coherentes en cuanto a qu\u00e9 art\u00edculo aceptar o rechazar.<\/p>\n<p style=\"padding-left: 40px;\">[\/et_pb_text][et_pb_divider color=\u00bb#0038f0&#8243; divider_weight=\u00bb3px\u00bb _builder_version=\u00bb4.19.4&#8243; _module_preset=\u00bbdefault\u00bb locked=\u00bboff\u00bb global_colors_info=\u00bb{}\u00bb][\/et_pb_divider][dgat_advancedtab tab_event_type=\u00bbmouseover\u00bb use_sticky_nav=\u00bboff\u00bb use_nav_width=\u00bbon\u00bb nav_placement=\u00bbflex_left\u00bb icon_color=\u00bb#0038f0&#8243; icon_color_active=\u00bb#6c2eb9&#8243; icon_align=\u00bbcenter\u00bb use_active_arrow=\u00bbon\u00bb active_arrow_color=\u00bb#0038f0&#8243; arrow_align=\u00bbcenter\u00bb admin_label=\u00bbAdvanced Tabs\u00bb _builder_version=\u00bb4.19.4&#8243; _module_preset=\u00bbdefault\u00bb title_font=\u00bb|600|||||||\u00bb title_text_align=\u00bbcenter\u00bb title_text_color=\u00bb#0038f0&#8243; title_active_text_color=\u00bb#6c2eb9&#8243; custom_padding=\u00bb0px|||||\u00bb hover_enabled=\u00bb0&#8243; title_text_shadow_style=\u00bbpreset1&#8243; locked=\u00bboff\u00bb global_colors_info=\u00bb{}\u00bb sticky_enabled=\u00bb0&#8243;][dgat_advancedtabitem title=\u00bbPluralidad\u00bb use_icon=\u00bbon\u00bb font_icon=\u00bb&#xf248;||fa||900&#8243; at_button_button_url_new_window=\u00bbon\u00bb _builder_version=\u00bb4.19.4&#8243; text_text_color=\u00bb#000000&#8243; text_text_shadow_style=\u00bbpreset1&#8243; global_colors_info=\u00bb{}\u00bb]<\/p>\n<p>Con la adopci\u00f3n del principio de pluralidad en la <em><strong>Revista Digital Internacional de Psicolog\u00eda y las Ciencias Sociales<\/strong> <\/em>(RDIPyCS) buscamos:<\/p>\n<ol>\n<li style=\"list-style-type: none;\">\n<ol>\n<li>Promover la diversidad de enfoques y perspectivas: Al buscar incluir una variedad de temas y autores en la revista, fomentamos una diversidad de enfoques y perspectivas sobre un mismo tema. Con la finalidad de enriquecer el debate y permitir la exploraci\u00f3n de diferentes soluciones a un problema cient\u00edfico.<br \/>2. Fomentar la inclusi\u00f3n y la equidad: Con la inclusi\u00f3n de autores de diferentes instituciones, regiones geogr\u00e1ficas, g\u00e9neros, edades, entre otras caracter\u00edsticas, fomentamos la inclusi\u00f3n y la equidad en la publicaci\u00f3n cient\u00edfica. Con el prop\u00f3sito de ayudar a reducir la brecha de desigualdad en el acceso y la participaci\u00f3n en la ciencia.<br \/>3. Permitir la retroalimentaci\u00f3n y el debate: Fomentamos una cultura de di\u00e1logo y debate en la revisi\u00f3n de los art\u00edculos, permitiendo la retroalimentaci\u00f3n constructiva y el intercambio de ideas entre los autores y los revisores, a trav\u00e9s de una revisi\u00f3n abierta por pares. Buscando mejorar la calidad de los art\u00edculos y permitir una discusi\u00f3n m\u00e1s amplia sobre el tema.<br \/>4. Ampliar el alcance y la difusi\u00f3n de la revista: Buscamos llegar a diferentes tipos de p\u00fablico, con la finalidad de ampliar el alcance y la difusi\u00f3n de la revista. Con esta acci\u00f3n propiciamos que la investigaci\u00f3n y los resultados publicados lleguen a diferentes audiencias y se apliquen en diferentes contextos.<\/li>\n<\/ol>\n<\/li>\n<\/ol>\n<p>[\/dgat_advancedtabitem][dgat_advancedtabitem title=\u00bbTransparencia\u00bb use_icon=\u00bbon\u00bb font_icon=\u00bb&#xf262;||fa||400&#8243; at_button_button_url_new_window=\u00bbon\u00bb _builder_version=\u00bb4.19.4&#8243; text_text_color=\u00bb#000000&#8243; hover_enabled=\u00bb0&#8243; text_text_shadow_style=\u00bbpreset1&#8243; global_colors_info=\u00bb{}\u00bb sticky_enabled=\u00bb0&#8243;]<\/p>\n<div class=\"flex flex-grow flex-col gap-3\">\n<div class=\"min-h-[20px] flex flex-col items-start gap-4 whitespace-pre-wrap\">\n<div class=\"markdown prose w-full break-words dark:prose-invert light\">\n<p>Otro de los valores que adopta la RDIPyCS es el de transparencia con el que buscamos:<\/p>\n<ol>\n<li style=\"list-style-type: none;\">\n<ol>\n<li>Fomentar la confianza y la credibilidad: Al ser transparente en los procesos de revisi\u00f3n, selecci\u00f3n y publicaci\u00f3n de art\u00edculos, fomentamos la confianza y la credibilidad de la revista cient\u00edfica. Esto nos ayuda a atraer a autores y lectores que conf\u00eden en la calidad y rigor de la investigaci\u00f3n publicada en la revista.<\/li>\n<li>Propiciar la retroalimentaci\u00f3n y el mejoramiento continuo, con la finalidad de que al ser transparentes en los procesos de revisi\u00f3n y selecci\u00f3n de art\u00edculos, surja una retroalimentaci\u00f3n constructiva que propicie el mejoramiento continuo de los procesos y est\u00e1ndares de calidad de la revista.<\/li>\n<li>Facilitar la replicabilidad de la investigaci\u00f3n: Al ser transparente en la presentaci\u00f3n de la metodolog\u00eda, los datos y los resultados de la investigaci\u00f3n publicada, facilitamos la replicabilidad de la investigaci\u00f3n por parte de otros investigadores. Lo cual permite la validaci\u00f3n de los resultados y la ampliaci\u00f3n del conocimiento en el \u00e1rea de investigaci\u00f3n.<\/li>\n<li>Promover la responsabilidad y la \u00e9tica cient\u00edfica: Al ser transparente en los procesos de revisi\u00f3n y selecci\u00f3n de art\u00edculos, buscamos promover la responsabilidad y la \u00e9tica cient\u00edfica por parte de los autores, los revisores y los editores de la revista. Este principio de transparencia lo adoptamos con la finalidad de ayudar a prevenir pr\u00e1cticas inadecuadas o fraudulentas en la investigaci\u00f3n cient\u00edfica.<\/li>\n<\/ol>\n<\/li>\n<\/ol>\n<\/div>\n<\/div>\n<\/div>\n<p>[\/dgat_advancedtabitem][dgat_advancedtabitem title=\u00bb\u00c9tica en la investigaci\u00f3n\u00bb use_icon=\u00bbon\u00bb font_icon=\u00bb&#xf24e;||fa||900&#8243; at_button_button_url_new_window=\u00bbon\u00bb _builder_version=\u00bb4.19.4&#8243; text_text_color=\u00bb#000000&#8243; hover_enabled=\u00bb0&#8243; text_text_shadow_style=\u00bbpreset1&#8243; global_colors_info=\u00bb{}\u00bb sticky_enabled=\u00bb0&#8243;]<\/p>\n<p>Cuidando la \u00e9tica en las investigaciones que se publican en la <em><strong>Revista Digital Internacional de Psicolog\u00eda y Ciencia Social<\/strong><\/em> (RDIPyCS) buscamos mantener altos est\u00e1ndares en la calidad de los estudios publicados. Algunas de las ventajas de priorizar la \u00e9tica en la investigaci\u00f3n de los art\u00edculos que publicamos es ganar en:<\/p>\n<ol>\n<li style=\"list-style-type: none;\">\n<ol>\n<li>Credibilidad: Al seguir los principios \u00e9ticos en la investigaci\u00f3n aseguramos que los resultados y conclusiones del estudio sean fiables y precisos. Con esto aumentamos la credibilidad de la RDIPyCS\u00a0 y de los investigadores involucrados en el estudio.<\/li>\n<li>Reputaci\u00f3n: Al centrarnos en la\u00a0 la \u00e9tica en la investigaci\u00f3n cient\u00edfica y publicar estudios que cumplen con los est\u00e1ndares \u00e9ticos establecidos,\u00a0 mejoramos su reputaci\u00f3n en el mundo acad\u00e9mico y cient\u00edfico, lo que puede atraer a m\u00e1s investigadores y lectores.<\/li>\n<li>Protecci\u00f3n de los participantes: Al tener como piedra angular de la revista la \u00e9tica en la investigaci\u00f3n tambi\u00e9n garantizamos la protecci\u00f3n de los derechos y el bienestar de los participantes en el estudio. Al publicar estudios que cumplen con los principios \u00e9ticos, la RDIPyCS asegura de que los participantes sean tratados con respeto y dignidad, y de que no sufran ning\u00fan da\u00f1o f\u00edsico, emocional o psicol\u00f3gico como resultado del estudio.<\/li>\n<li>En el aporte de la RDIPyCS al avance cient\u00edfico: Al asegurar que los estudios que publicamos sean de alta calidad y confiables, con lo que estamos ayudando a impulsar nuevas investigaciones en el campo y mejorar la comprensi\u00f3n de los temas estudiados.<\/li>\n<li>En el cumplimiento de est\u00e1ndares \u00e9ticos y al establecer la necesidad de que haya \u00e9tica en las investigaciones que publicamos, la RDIPyCS asegura cumplir con los est\u00e1ndares \u00e9ticos y morales establecidos por la comunidad cient\u00edfica y por la sociedad en general. Esto garantiza la integridad y responsabilidad de la RDIPyCS de los investigadores que publican en ella.<\/li>\n<\/ol>\n<\/li>\n<\/ol>\n<p>[\/dgat_advancedtabitem][dgat_advancedtabitem title=\u00bbAccesibilidad\u00bb use_icon=\u00bbon\u00bb font_icon=\u00bb&#xf46c;||fa||900&#8243; at_button_button_url_new_window=\u00bbon\u00bb _builder_version=\u00bb4.19.4&#8243; text_text_color=\u00bb#000000&#8243; text_text_shadow_style=\u00bbpreset1&#8243; global_colors_info=\u00bb{}\u00bb]<\/p>\n<p>Procuramos que los contenidos de la <em><strong>Revista Digital Internacional de Psicolog\u00eda y Ciencia Social<\/strong><\/em> (RDIPyCS) sean f\u00e1cilmente disponible para un p\u00fablico amplio y diverso. Esto implica que la RDIPyCS busca eliminar barreras de acceso a su contenido para que m\u00e1s personas puedan beneficiarse de \u00e9l. Para lograr este ideal de aumentar a la accesibilidad a su contenido hemos adoptado:<\/p>\n<ol>\n<li style=\"list-style-type: none;\">\n<ol>\n<li>El acceso abierto: Adoptamos una pol\u00edtica de acceso abierto que permite que cualquier persona pueda acceder a su contenido sin tener que pagar por ello. Esto aumenta la accesibilidad al contenido de la RDIPyCS y permite que m\u00e1s personas puedan leer y utilizar los resultados de las investigaciones.<\/li>\n<li>El dise\u00f1o accesible: Mejoramos la accesibilidad de su contenido mediante el dise\u00f1o de sus publicaciones de una manera que sea f\u00e1cil de leer y entender para personas con discapacidades visuales, cognitivas o de movilidad.<\/li>\n<li>La divulgaci\u00f3n: Aumentar la accesibilidad a su contenido mediante la divulgaci\u00f3n de los resultados de las investigaciones a trav\u00e9s de diferentes medios y canales, como redes sociales, blogs, conferencias y eventos cient\u00edficos.<\/li>\n<\/ol>\n<\/li>\n<\/ol>\n<p>[\/dgat_advancedtabitem][dgat_advancedtabitem title=\u00bbColaboraci\u00f3n y diversidad \u00bb use_icon=\u00bbon\u00bb font_icon=\u00bb&#xf46c;||fa||900&#8243; at_button_button_url_new_window=\u00bbon\u00bb _builder_version=\u00bb4.19.4&#8243; text_text_color=\u00bb#000000&#8243; hover_enabled=\u00bb0&#8243; text_text_shadow_style=\u00bbpreset1&#8243; global_colors_info=\u00bb{}\u00bb sticky_enabled=\u00bb0&#8243;]<\/p>\n<p>En la <em><strong>Revista Digital Internacional de Psicolog\u00eda y las Ciencias Sociales<\/strong><\/em> (RDIPyCS) buscamos la colaboraci\u00f3n y la diversidad, por lo que procuramos involucrar a una amplia gama de investigadores y expertos en la producci\u00f3n y evaluaci\u00f3n de su contenido. Esto implica que la RDIPyCS busca romper con la homogeneidad y fomentar la inclusi\u00f3n de diversas perspectivas, voces y enfoques en sus publicaciones.<br \/>Las diferentes manera de colaboraci\u00f3n y diversidad en la RDIPyCS toman la forma de:<\/p>\n<ol>\n<li style=\"list-style-type: none;\">\n<ol>\n<li>Colaboraci\u00f3n en la producci\u00f3n: Buscamos la colaboraci\u00f3n de un equipo interdisciplinario de investigadores y expertos en la producci\u00f3n de sus publicaciones. Esto con la finalidad de ayudar a garantizar que los temas abordados en la revista sea haga de manera integral y se aborden diferentes perspectivas.<\/li>\n<li>Colaboraci\u00f3n en la revisi\u00f3n: Buscamos que en la colaboraci\u00f3n se involucren un amplio grupo de revisores en el proceso de evaluaci\u00f3n de los art\u00edculos presentados. Con esto pretendemos garantizar que los art\u00edculos sean evaluados de manera justa y que se tomen en cuenta diferentes perspectivas y enfoques.<\/li>\n<li>Diversidad en la autor\u00eda: Fomentamos la inclusi\u00f3n de autores de diferentes g\u00e9neros, or\u00edgenes \u00e9tnicos, culturales y geogr\u00e1ficos; esto para garantizar que la revista sea representativa de la diversidad de la comunidad cient\u00edfica y promueva una mayor inclusi\u00f3n y equidad en la ciencia.<\/li>\n<li>Diversidad en el contenido: Fomentamos la diversidad al incluir temas y enfoques diversos en su contenido. Esto con la finalidad de garantizar que la RDIPyCS cubra una amplia gama de temas relevantes y atractivos para diferentes audiencias.<\/li>\n<\/ol>\n<\/li>\n<\/ol>\n<p>[\/dgat_advancedtabitem][dgat_advancedtabitem title=\u00bbResponsabilidad social\u00bb use_icon=\u00bbon\u00bb font_icon=\u00bb&#xf2a3;||fa||900&#8243; at_button_button_url_new_window=\u00bbon\u00bb _builder_version=\u00bb4.19.4&#8243; text_text_color=\u00bb#000000&#8243; hover_enabled=\u00bb0&#8243; text_text_shadow_style=\u00bbpreset1&#8243; global_colors_info=\u00bb{}\u00bb sticky_enabled=\u00bb0&#8243;]<\/p>\n<p>En la Revista Digital Internacional de Psicolog\u00eda y las Ciencias Sociales (RDIPyCS) nos preocupamos por hacer una contribuci\u00f3n positiva a la sociedad en la que difundimos nuestro contenido cient\u00edfico. En este sentido, la RDIPyCS busca ir m\u00e1s all\u00e1 de su funci\u00f3n principal de publicar investigaciones y difundir conocimiento cient\u00edfico, y considera su papel en el contexto social m\u00e1s amplio.<\/p>\n<p>Con base en lo anterior, en el contexto de la RDIPyCS la responsabilidad social adopta diferentes formas, algunas de las cuales son:<\/p>\n<ol>\n<li style=\"list-style-type: none;\">\n<ol>\n<li>Enfoque en temas relevantes: Buscamos cumplir con una responsabilidad social enfoc\u00e1ndonos temas relevantes y de inter\u00e9s para la sociedad en general. Esto puede incluir temas como la salud, el medio ambiente, la educaci\u00f3n, econ\u00f3mico-administrativos y otros temas que tienen un impacto directo en la vida de las personas.<\/li>\n<li>Difusi\u00f3n de informaci\u00f3n precisa: Buscamos cumplir con una responsabilidad social garantizando que la informaci\u00f3n que publicamos sea precisa, fiable y verificada por expertos en el campo. Esto es especialmente importante en un contexto en el que la informaci\u00f3n err\u00f3nea puede tener consecuencias graves para la salud y el bienestar de las personas.<\/li>\n<li>Enfoque en la diversidad: Buscamos cumplir con la responsabilidad social fomentando la inclusi\u00f3n y la diversidad en su contenido y en su proceso de producci\u00f3n. Con la finalidad de contribuir a una mayor representatividad y equidad en la ciencia y en la sociedad en general.<\/li>\n<li>Compromiso con la comunidad: Buscamos cumplir con una responsabilidad social comprometi\u00e9ndonos con la comunidad, por un lado, trav\u00e9s de la realizaci\u00f3n de eventos en el que se fomente del di\u00e1logo con el p\u00fablico, y por otro, a la promoci\u00f3n de la educaci\u00f3n cient\u00edfica.<\/li>\n<\/ol>\n<\/li>\n<\/ol>\n<p>[\/dgat_advancedtabitem][dgat_advancedtabitem title=\u00bbRigor cient\u00edfico\u00bb use_icon=\u00bbon\u00bb font_icon=\u00bb&#xf5d2;||fa||900&#8243; at_button_button_url_new_window=\u00bbon\u00bb _builder_version=\u00bb4.19.4&#8243; text_text_color=\u00bb#000000&#8243; hover_enabled=\u00bb0&#8243; text_text_shadow_style=\u00bbpreset1&#8243; global_colors_info=\u00bb{}\u00bb sticky_enabled=\u00bb0&#8243;]<\/p>\n<div class=\"flex flex-grow flex-col gap-3\">En la <em><strong>Revista Digital Internacional de Psicolog\u00eda y las Ciencias Sociales<\/strong> <\/em>(RDIPyCS) nos preocupamos por mantener altos est\u00e1ndares de calidad en la investigaci\u00f3n y la publicaci\u00f3n de art\u00edculos cient\u00edficos. Adem\u00e1s, buscamos garantizar que los art\u00edculos que publicamos sean rigurosamente evaluados y que cumplan con los criterios de calidad aceptados en la comunidad cient\u00edfica.<\/div>\n<div class=\"flex flex-grow flex-col gap-3\">\n<div class=\"min-h-[20px] flex flex-col items-start gap-4 whitespace-pre-wrap\">\n<div class=\"markdown prose w-full break-words dark:prose-invert light\">\n<p>El rigor cient\u00edfico puede tomar diferentes formas que en la RDIPyCS tienen algunas variantes, las cuales son:<\/p>\n<ol>\n<li style=\"list-style-type: none;\">\n<ol>\n<li>Revisi\u00f3n por pares abierta: Buscamos cumplir con un rigor cient\u00edfico realizado una revisi\u00f3n por pares abierta de los art\u00edculos que recibimos. Esto implica que los art\u00edculos son evaluados por expertos en el campo, que se encargan de evaluar su calidad y relevancia para la comunidad cient\u00edfica.<\/li>\n<li>Metodolog\u00eda rigurosa: Buscamos cumplir con el rigor cient\u00edfico que exige que los art\u00edculos que publicamos sean basados en una metodolog\u00eda rigurosa y bien fundamentada, que garantice la validez y confiabilidad de los resultados obtenidos.<\/li>\n<li>Precisi\u00f3n en la presentaci\u00f3n de datos y resultados: Buscamos cumplir con el rigor cient\u00edfico que exige que los datos y resultados presentados en los art\u00edculos sean precisos y est\u00e9n respaldados por la metodolog\u00eda empleada en la investigaci\u00f3n.<\/li>\n<li>Cumplimiento de normas \u00e9ticas: Buscamos cumplir con el rigor cient\u00edfico que exige que los autores de los art\u00edculos cumplan con las normas \u00e9ticas establecidas en la comunidad cient\u00edfica, y que la investigaci\u00f3n realizada no haya infringido ninguna norma \u00e9tica.<\/li>\n<\/ol>\n<\/li>\n<\/ol>\n<\/div>\n<\/div>\n<\/div>\n<p>[\/dgat_advancedtabitem][dgat_advancedtabitem title=\u00bbInnovaci\u00f3n\u00bb use_icon=\u00bbon\u00bb font_icon=\u00bb&#xf369;||fa||400&#8243; at_button_button_url_new_window=\u00bbon\u00bb _builder_version=\u00bb4.19.4&#8243; text_text_color=\u00bb#000000&#8243; hover_enabled=\u00bb0&#8243; text_text_shadow_style=\u00bbpreset1&#8243; global_colors_info=\u00bb{}\u00bb sticky_enabled=\u00bb0&#8243;]<\/p>\n<p>En la En la <em><strong>Revista Digital Internacional de Psicolog\u00eda y las Ciencias Sociales<\/strong> <\/em>(RDIPyCS) nos preocupamos por innovar en el conocimiento cient\u00edfico, esforz\u00e1ndonos por publicar investigaciones que aporten nuevas ideas, enfoques o soluciones a problemas cient\u00edficos existentes. Para esto fomentamos la creatividad y el pensamiento cr\u00edtico en la comunidad cient\u00edfica y apoyamos la exploraci\u00f3n de nuevas \u00e1reas de investigaci\u00f3n.<\/p>\n<p>Algunas de las formas en que la RDIPyCS busca ser innovadora en el conocimiento cient\u00edfico son:<\/p>\n<ol>\n<li style=\"list-style-type: none;\">\n<ol>\n<li>Publicaci\u00f3n de estudios que presentan nuevos hallazgos: Pretendemos ser innovadores en el conocimiento cient\u00edfico al publicar estudios que presentan nuevos hallazgos o descubrimientos en un campo de investigaci\u00f3n determinado.<\/li>\n<li>Publicaci\u00f3n de estudios transdisciplinarios: Buscamos ser innovadores en el conocimiento cient\u00edfico al publicar estudios que abordan un problema desde una perspectiva transdisciplinaria, integrando conocimientos y m\u00e9todos de diferentes campos cient\u00edficos y disciplinas.<\/li>\n<li>Publicaci\u00f3n de estudios que cuestionan paradigmas establecidos: Buscamos ser innovadora en el conocimiento cient\u00edfico al publicar estudios que cuestionan paradigmas o teor\u00edas establecidas en un campo de investigaci\u00f3n determinado.<\/li>\n<li>Fomento de la colaboraci\u00f3n cient\u00edfica: Buscamos ser innovadora en el conocimiento cient\u00edfico al fomentar la colaboraci\u00f3n entre investigadores de diferentes instituciones o pa\u00edses, permitiendo as\u00ed la creaci\u00f3n de nuevos enfoques o soluciones a problemas cient\u00edficos.<\/li>\n<\/ol>\n<\/li>\n<\/ol>\n<p>[\/dgat_advancedtabitem][\/dgat_advancedtab][\/et_pb_column][\/et_pb_row][\/et_pb_section]<\/p>\n","protected":false},"excerpt":{"rendered":"<p>Valores Editorialessobre la revistaValores b\u00e1sicos Los valores b\u00e1sicos que norman las acciones de la revista tienen como prop\u00f3sito por un lado, guiar a los autores\/as para que adopten las mejores pr\u00e1cticas y fomentar una cultura de calidad y rigor. Por otro lado, hacer del conocimiento de sus lectores la manera que sus editores toman las [&hellip;]<\/p>\n","protected":false},"author":3,"featured_media":0,"parent":0,"menu_order":0,"comment_status":"closed","ping_status":"closed","template":"","meta":{"_et_pb_use_builder":"on","_et_pb_old_content":"","_et_gb_content_width":"","_coblocks_attr":"","_coblocks_dimensions":"","_coblocks_responsive_height":"","_coblocks_accordion_ie_support":"","footnotes":""},"class_list":["post-16247941","page","type-page","status-publish","hentry"],"_links":{"self":[{"href":"https:\/\/www.aprendevirtual.com\/kekos\/wp-json\/wp\/v2\/pages\/16247941","targetHints":{"allow":["GET"]}}],"collection":[{"href":"https:\/\/www.aprendevirtual.com\/kekos\/wp-json\/wp\/v2\/pages"}],"about":[{"href":"https:\/\/www.aprendevirtual.com\/kekos\/wp-json\/wp\/v2\/types\/page"}],"author":[{"embeddable":true,"href":"https:\/\/www.aprendevirtual.com\/kekos\/wp-json\/wp\/v2\/users\/3"}],"replies":[{"embeddable":true,"href":"https:\/\/www.aprendevirtual.com\/kekos\/wp-json\/wp\/v2\/comments?post=16247941"}],"version-history":[{"count":42,"href":"https:\/\/www.aprendevirtual.com\/kekos\/wp-json\/wp\/v2\/pages\/16247941\/revisions"}],"predecessor-version":[{"id":16248308,"href":"https:\/\/www.aprendevirtual.com\/kekos\/wp-json\/wp\/v2\/pages\/16247941\/revisions\/16248308"}],"wp:attachment":[{"href":"https:\/\/www.aprendevirtual.com\/kekos\/wp-json\/wp\/v2\/media?parent=16247941"}],"curies":[{"name":"wp","href":"https:\/\/api.w.org\/{rel}","templated":true}]}}