{"id":16247885,"date":"2023-01-20T23:35:26","date_gmt":"2023-01-20T23:35:26","guid":{"rendered":"https:\/\/www.aprendevirtual.com\/kekos\/?page_id=16247885"},"modified":"2023-01-26T02:17:58","modified_gmt":"2023-01-26T02:17:58","slug":"revision-por-pares","status":"publish","type":"page","link":"https:\/\/www.aprendevirtual.com\/kekos\/revision-por-pares\/","title":{"rendered":"Revision-por-pares"},"content":{"rendered":"<p>[et_pb_section fb_built=\u00bb1&#8243; admin_label=\u00bbHeader\u00bb _builder_version=\u00bb4.19.4&#8243; _module_preset=\u00bbdefault\u00bb background_color=\u00bbRGBA(255,255,255,0)\u00bb use_background_color_gradient=\u00bbon\u00bb background_color_gradient_stops=\u00bb#003d79 13%|rgba(0,0,0,0) 100%\u00bb background_color_gradient_overlays_image=\u00bbon\u00bb background_color_gradient_start=\u00bb#003d79&#8243; background_color_gradient_end=\u00bbrgba(0,0,0,0)\u00bb background_image=\u00bbhttps:\/\/www.aprendevirtual.com\/kekos\/wp-content\/uploads\/2023\/01\/autores-1-scaled.jpg\u00bb custom_padding=\u00bb||0px||false|false\u00bb locked=\u00bboff\u00bb collapsed=\u00bbon\u00bb global_colors_info=\u00bb{}\u00bb][et_pb_row _builder_version=\u00bb4.19.0&#8243; _module_preset=\u00bbdefault\u00bb background_enable_color=\u00bboff\u00bb width=\u00bb50%\u00bb width_tablet=\u00bb80%\u00bb width_phone=\u00bb80%\u00bb width_last_edited=\u00bbon|tablet\u00bb global_colors_info=\u00bb{}\u00bb][et_pb_column type=\u00bb4_4&#8243; _builder_version=\u00bb4.17.1&#8243; _module_preset=\u00bbdefault\u00bb global_colors_info=\u00bb{}\u00bb][et_pb_text _builder_version=\u00bb4.19.4&#8243; _module_preset=\u00bbdefault\u00bb header_font=\u00bb|700|||||||\u00bb header_text_color=\u00bb#E1ECEA\u00bb header_font_size=\u00bb70px\u00bb header_line_height=\u00bb1.1em\u00bb text_orientation=\u00bbcenter\u00bb custom_margin=\u00bb||0px||false|false\u00bb header_font_size_tablet=\u00bb40px\u00bb header_font_size_phone=\u00bb24px\u00bb header_font_size_last_edited=\u00bbon|desktop\u00bb header_text_shadow_style=\u00bbpreset4&#8243; global_colors_info=\u00bb{}\u00bb]<\/p>\n<h1><span style=\"color: #ffffff;\">Revisi\u00f3n por Pares<\/span><\/h1>\n<p>[\/et_pb_text][\/et_pb_column][\/et_pb_row][et_pb_row _builder_version=\u00bb4.19.4&#8243; _module_preset=\u00bbdefault\u00bb locked=\u00bboff\u00bb global_colors_info=\u00bb{}\u00bb][et_pb_column type=\u00bb4_4&#8243; _builder_version=\u00bb4.19.4&#8243; _module_preset=\u00bbdefault\u00bb global_colors_info=\u00bb{}\u00bb][et_pb_text _builder_version=\u00bb4.19.4&#8243; _module_preset=\u00bbdefault\u00bb text_font=\u00bb|600||on|||||\u00bb text_text_color=\u00bb#FFF347&#8243; text_font_size=\u00bb25px\u00bb text_orientation=\u00bbright\u00bb custom_margin=\u00bb-40px||||false|false\u00bb text_text_shadow_style=\u00bbpreset4&#8243; text_text_shadow_color=\u00bb#000000&#8243; global_colors_info=\u00bb{}\u00bb]<\/p>\n<p>Pol\u00edtica editorial<\/p>\n<p>[\/et_pb_text][\/et_pb_column][\/et_pb_row][\/et_pb_section][et_pb_section fb_built=\u00bb1&#8243; _builder_version=\u00bb4.16&#8243; _module_preset=\u00bbdefault\u00bb collapsed=\u00bboff\u00bb global_colors_info=\u00bb{}\u00bb][et_pb_row _builder_version=\u00bb4.19.0&#8243; _module_preset=\u00bbdefault\u00bb background_enable_color=\u00bboff\u00bb custom_padding=\u00bb21px|40px|0px|40px||\u00bb locked=\u00bboff\u00bb collapsed=\u00bboff\u00bb global_colors_info=\u00bb{}\u00bb][et_pb_column type=\u00bb4_4&#8243; _builder_version=\u00bb4.17.4&#8243; _module_preset=\u00bbdefault\u00bb global_colors_info=\u00bb{}\u00bb][et_pb_text _builder_version=\u00bb4.19.4&#8243; _module_preset=\u00bbdefault\u00bb text_font=\u00bb||||||||\u00bb text_font_size=\u00bb35px\u00bb text_line_height=\u00bb1.2em\u00bb header_2_font=\u00bbCormorant Garamond|700|||||||\u00bb header_2_font_size=\u00bb60px\u00bb header_2_line_height=\u00bb1.2em\u00bb text_text_shadow_style=\u00bbpreset1&#8243; header_text_shadow_style=\u00bbpreset1&#8243; global_colors_info=\u00bb{}\u00bb]<\/p>\n<p style=\"text-align: right;\"><span style=\"color: #3366ff;\">(T\u00edtulo)<\/span><\/p>\n<p>[\/et_pb_text][et_pb_text _builder_version=\u00bb4.19.4&#8243; _module_preset=\u00bbdefault\u00bb text_text_color=\u00bb#00208A\u00bb text_font_size=\u00bb15px\u00bb background_color=\u00bb#f4f4f4&#8243; text_text_shadow_style=\u00bbpreset1&#8243; global_colors_info=\u00bb{}\u00bb]<\/p>\n<table border=\"0\" style=\"width: 100%; border-collapse: collapse; background-color: f4f4f4;\">\n<tbody>\n<tr>\n<td style=\"width: 100%; background-color: f4f4f4;\">\n<p>Lorem ipsum dolor sit amet. Est omnis quia aut aperiam numquam qui molestiae eius ut dolores eveniet. Non ullam repudiandae et magni omnis est quae fugit.<\/p>\n<p>At dolores enim sit dicta tempore a debitis maxime! Ea quia ducimus et omnis quaerat quo minima tenetur ea atque voluptatem. Ut molestiae fuga est ducimus ipsa ab incidunt accusamus nam dolorum mollitia sit sint sunt.<\/p>\n<p><span style=\"color: #000080;\"><\/span><\/td>\n<\/tr>\n<\/tbody>\n<\/table>\n<p>[\/et_pb_text][et_pb_divider color=\u00bb#0038F0&#8243; divider_weight=\u00bb3px\u00bb _builder_version=\u00bb4.19.4&#8243; _module_preset=\u00bbdefault\u00bb global_colors_info=\u00bb{}\u00bb][\/et_pb_divider][\/et_pb_column][\/et_pb_row][et_pb_row _builder_version=\u00bb4.19.4&#8243; _module_preset=\u00bbdefault\u00bb global_colors_info=\u00bb{}\u00bb][et_pb_column type=\u00bb4_4&#8243; _builder_version=\u00bb4.18.0&#8243; _module_preset=\u00bbdefault\u00bb global_colors_info=\u00bb{}\u00bb][et_pb_accordion open_toggle_text_color=\u00bb#a22015&#8243; open_toggle_background_color=\u00bbRGBA(255,255,255,0)\u00bb closed_toggle_text_color=\u00bb#0038f0&#8243; closed_toggle_background_color=\u00bb#FFFFFF\u00bb toggle_icon=\u00bb&#x68;||divi||400&#8243; icon_color=\u00bb#0C71C3&#8243; _builder_version=\u00bb4.19.4&#8243; _module_preset=\u00bbdefault\u00bb toggle_text_color=\u00bb#0C71C3&#8243; toggle_level=\u00bbh2&#8243; toggle_font=\u00bb|600||||on|||\u00bb closed_toggle_font=\u00bbTrebuchet|600|||||||\u00bb body_font=\u00bb||||||||\u00bb body_text_align=\u00bbjustify\u00bb body_text_color=\u00bb#000000&#8243; text_orientation=\u00bbcenter\u00bb hover_enabled=\u00bb0&#8243; border_width_all=\u00bb2px\u00bb border_color_all=\u00bb#0C71C3&#8243; text_shadow_style=\u00bbpreset1&#8243; global_colors_info=\u00bb{}\u00bb locked=\u00bboff\u00bb sticky_enabled=\u00bb0&#8243;][et_pb_accordion_item title=\u00bbInformaci\u00f3n General\u00bb open=\u00bbon\u00bb _builder_version=\u00bb4.19.4&#8243; _module_preset=\u00bbdefault\u00bb hover_enabled=\u00bb0&#8243; border_radii=\u00bbon|10px|10px|10px|10px\u00bb border_width_all=\u00bb0px\u00bb border_color_all=\u00bb#0038f0&#8243; box_shadow_style=\u00bbpreset6&#8243; box_shadow_blur=\u00bb10px\u00bb box_shadow_color=\u00bb#0038f0&#8243; global_colors_info=\u00bb{}\u00bb sticky_enabled=\u00bb0&#8243;]<\/p>\n<p>Lorem ipsum dolor sit amet. Et iure illo id distinctio accusamus eos culpa harum et porro unde vel tempora tempore ea molestias vitae. Aut quis voluptatem rem natus dignissimos et rerum corporis.<\/p>\n<p>Eum quia inventore quo tempora omnis hic exercitationem doloribus. In quia amet At necessitatibus officiis est sequi aspernatur aut culpa laudantium ex corporis minima.<\/p>\n<p>[\/et_pb_accordion_item][et_pb_accordion_item title=\u00bbRevisi\u00f3n de Manuscritos en L\u00ednea\u00bb _builder_version=\u00bb4.19.4&#8243; _module_preset=\u00bbdefault\u00bb custom_margin=\u00bb-30px||||false|false\u00bb hover_enabled=\u00bb0&#8243; border_radii=\u00bbon|10px|10px|10px|10px\u00bb border_width_all=\u00bb0px\u00bb border_color_all=\u00bb#0038f0&#8243; box_shadow_style=\u00bbpreset6&#8243; box_shadow_blur=\u00bb10px\u00bb box_shadow_color=\u00bb#0038f0&#8243; global_colors_info=\u00bb{}\u00bb open=\u00bboff\u00bb sticky_enabled=\u00bb0&#8243;]<\/p>\n<p>Lorem ipsum dolor sit amet. Et iure illo id distinctio accusamus eos culpa harum et porro unde vel tempora tempore ea molestias vitae. Aut quis voluptatem rem natus dignissimos et rerum corporis.<\/p>\n<p>Eum quia inventore quo tempora omnis hic exercitationem doloribus. In quia amet At necessitatibus officiis est sequi aspernatur aut culpa laudantium ex corporis minima.<\/p>\n<p>[\/et_pb_accordion_item][et_pb_accordion_item title=\u00bbCriterios de publicaci\u00f3n\u00bb _builder_version=\u00bb4.19.4&#8243; _module_preset=\u00bbdefault\u00bb custom_margin=\u00bb-30px||||false|false\u00bb hover_enabled=\u00bb0&#8243; border_radii=\u00bbon|10px|10px|10px|10px\u00bb border_width_all=\u00bb0px\u00bb border_color_all=\u00bb#0038f0&#8243; box_shadow_style=\u00bbpreset6&#8243; box_shadow_blur=\u00bb10px\u00bb box_shadow_color=\u00bb#0038f0&#8243; global_colors_info=\u00bb{}\u00bb open=\u00bboff\u00bb sticky_enabled=\u00bb0&#8243;]<\/p>\n<p>Lorem ipsum dolor sit amet. Et iure illo id distinctio accusamus eos culpa harum et porro unde vel tempora tempore ea molestias vitae. Aut quis voluptatem rem natus dignissimos et rerum corporis.<\/p>\n<p>Eum quia inventore quo tempora omnis hic exercitationem doloribus. In quia amet At necessitatibus officiis est sequi aspernatur aut culpa laudantium ex corporis minima.<\/p>\n<p>[\/et_pb_accordion_item][et_pb_accordion_item title=\u00bbProceso de revisi\u00f3n\u00bb _builder_version=\u00bb4.19.4&#8243; _module_preset=\u00bbdefault\u00bb custom_margin=\u00bb-30px||||false|false\u00bb hover_enabled=\u00bb0&#8243; border_radii=\u00bbon|10px|10px|10px|10px\u00bb border_width_all=\u00bb0px\u00bb border_color_all=\u00bb#0038f0&#8243; box_shadow_style=\u00bbpreset6&#8243; box_shadow_blur=\u00bb10px\u00bb box_shadow_color=\u00bb#0038f0&#8243; global_colors_info=\u00bb{}\u00bb open=\u00bboff\u00bb sticky_enabled=\u00bb0&#8243;]<\/p>\n<p>Lorem ipsum dolor sit amet. Et iure illo id distinctio accusamus eos culpa harum et porro unde vel tempora tempore ea molestias vitae. Aut quis voluptatem rem natus dignissimos et rerum corporis.<\/p>\n<p>Eum quia inventore quo tempora omnis hic exercitationem doloribus. In quia amet At necessitatibus officiis est sequi aspernatur aut culpa laudantium ex corporis minima.<\/p>\n<p>[\/et_pb_accordion_item][et_pb_accordion_item title=\u00bbSelecci\u00f3n de Revisores Pares\u00bb _builder_version=\u00bb4.19.4&#8243; _module_preset=\u00bbdefault\u00bb custom_margin=\u00bb-30px||||false|false\u00bb hover_enabled=\u00bb0&#8243; border_radii=\u00bbon|10px|10px|10px|10px\u00bb border_width_all=\u00bb0px\u00bb border_color_all=\u00bb#0038f0&#8243; box_shadow_style=\u00bbpreset6&#8243; box_shadow_blur=\u00bb10px\u00bb box_shadow_color=\u00bb#0038f0&#8243; global_colors_info=\u00bb{}\u00bb open=\u00bboff\u00bb sticky_enabled=\u00bb0&#8243;]<\/p>\n<p>Lorem ipsum dolor sit amet. Et iure illo id distinctio accusamus eos culpa harum et porro unde vel tempora tempore ea molestias vitae. Aut quis voluptatem rem natus dignissimos et rerum corporis.<\/p>\n<p>Eum quia inventore quo tempora omnis hic exercitationem doloribus. In quia amet At necessitatibus officiis est sequi aspernatur aut culpa laudantium ex corporis minima.<\/p>\n<p>[\/et_pb_accordion_item][et_pb_accordion_item title=\u00bbAcceso a la Literatura\u00bb _builder_version=\u00bb4.19.4&#8243; _module_preset=\u00bbdefault\u00bb custom_margin=\u00bb-30px||||false|false\u00bb hover_enabled=\u00bb0&#8243; border_radii=\u00bbon|10px|10px|10px|10px\u00bb border_width_all=\u00bb0px\u00bb border_color_all=\u00bb#0038f0&#8243; box_shadow_style=\u00bbpreset6&#8243; box_shadow_blur=\u00bb10px\u00bb box_shadow_color=\u00bb#0038f0&#8243; global_colors_info=\u00bb{}\u00bb open=\u00bboff\u00bb sticky_enabled=\u00bb0&#8243;]<\/p>\n<p>Lorem ipsum dolor sit amet. Et iure illo id distinctio accusamus eos culpa harum et porro unde vel tempora tempore ea molestias vitae. Aut quis voluptatem rem natus dignissimos et rerum corporis.<\/p>\n<p>Eum quia inventore quo tempora omnis hic exercitationem doloribus. In quia amet At necessitatibus officiis est sequi aspernatur aut culpa laudantium ex corporis minima.<\/p>\n<p>[\/et_pb_accordion_item][et_pb_accordion_item title=\u00bbRese\u00f1a\u00bb _builder_version=\u00bb4.19.4&#8243; _module_preset=\u00bbdefault\u00bb custom_margin=\u00bb-30px||||false|false\u00bb hover_enabled=\u00bb0&#8243; border_radii=\u00bbon|10px|10px|10px|10px\u00bb border_width_all=\u00bb0px\u00bb border_color_all=\u00bb#0038f0&#8243; box_shadow_style=\u00bbpreset6&#8243; box_shadow_blur=\u00bb10px\u00bb box_shadow_color=\u00bb#0038f0&#8243; global_colors_info=\u00bb{}\u00bb open=\u00bboff\u00bb sticky_enabled=\u00bb0&#8243;]<\/p>\n<p>Lorem ipsum dolor sit amet. Et iure illo id distinctio accusamus eos culpa harum et porro unde vel tempora tempore ea molestias vitae. Aut quis voluptatem rem natus dignissimos et rerum corporis.<\/p>\n<p>Eum quia inventore quo tempora omnis hic exercitationem doloribus. In quia amet At necessitatibus officiis est sequi aspernatur aut culpa laudantium ex corporis minima.<\/p>\n<p>[\/et_pb_accordion_item][et_pb_accordion_item title=\u00bbSincronizaci\u00f3n\u00bb _builder_version=\u00bb4.19.4&#8243; _module_preset=\u00bbdefault\u00bb custom_margin=\u00bb-30px||||false|false\u00bb hover_enabled=\u00bb0&#8243; border_radii=\u00bbon|10px|10px|10px|10px\u00bb border_width_all=\u00bb0px\u00bb border_color_all=\u00bb#0038f0&#8243; box_shadow_style=\u00bbpreset6&#8243; box_shadow_blur=\u00bb10px\u00bb box_shadow_color=\u00bb#0038f0&#8243; global_colors_info=\u00bb{}\u00bb open=\u00bboff\u00bb sticky_enabled=\u00bb0&#8243;]<\/p>\n<p>Lorem ipsum dolor sit amet. Et iure illo id distinctio accusamus eos culpa harum et porro unde vel tempora tempore ea molestias vitae. Aut quis voluptatem rem natus dignissimos et rerum corporis.<\/p>\n<p>Eum quia inventore quo tempora omnis hic exercitationem doloribus. In quia amet At necessitatibus officiis est sequi aspernatur aut culpa laudantium ex corporis minima.<\/p>\n<p>[\/et_pb_accordion_item][et_pb_accordion_item title=\u00bbAnonimato\u00bb _builder_version=\u00bb4.19.4&#8243; _module_preset=\u00bbdefault\u00bb custom_margin=\u00bb-30px||||false|false\u00bb hover_enabled=\u00bb0&#8243; border_radii=\u00bbon|10px|10px|10px|10px\u00bb border_width_all=\u00bb0px\u00bb border_color_all=\u00bb#0038f0&#8243; box_shadow_style=\u00bbpreset6&#8243; box_shadow_blur=\u00bb10px\u00bb box_shadow_color=\u00bb#0038f0&#8243; global_colors_info=\u00bb{}\u00bb open=\u00bboff\u00bb sticky_enabled=\u00bb0&#8243;]<\/p>\n<p>Lorem ipsum dolor sit amet. Et iure illo id distinctio accusamus eos culpa harum et porro unde vel tempora tempore ea molestias vitae. Aut quis voluptatem rem natus dignissimos et rerum corporis.<\/p>\n<p>Eum quia inventore quo tempora omnis hic exercitationem doloribus. In quia amet At necessitatibus officiis est sequi aspernatur aut culpa laudantium ex corporis minima.<\/p>\n<p>[\/et_pb_accordion_item][et_pb_accordion_item title=\u00bbRevisi\u00f3n por Pares Anonimizada Doble\u00bb _builder_version=\u00bb4.19.4&#8243; _module_preset=\u00bbdefault\u00bb custom_margin=\u00bb-30px||||false|false\u00bb hover_enabled=\u00bb0&#8243; border_radii=\u00bbon|10px|10px|10px|10px\u00bb border_width_all=\u00bb0px\u00bb border_color_all=\u00bb#0038f0&#8243; box_shadow_style=\u00bbpreset6&#8243; box_shadow_blur=\u00bb10px\u00bb box_shadow_color=\u00bb#0038f0&#8243; global_colors_info=\u00bb{}\u00bb open=\u00bboff\u00bb sticky_enabled=\u00bb0&#8243;]<\/p>\n<p>Lorem ipsum dolor sit amet. Et iure illo id distinctio accusamus eos culpa harum et porro unde vel tempora tempore ea molestias vitae. Aut quis voluptatem rem natus dignissimos et rerum corporis.<\/p>\n<p>Eum quia inventore quo tempora omnis hic exercitationem doloribus. In quia amet At necessitatibus officiis est sequi aspernatur aut culpa laudantium ex corporis minima.<\/p>\n<p>[\/et_pb_accordion_item][et_pb_accordion_item title=\u00bbRevisi\u00f3n por Pares Transparente\u00bb _builder_version=\u00bb4.19.4&#8243; _module_preset=\u00bbdefault\u00bb custom_margin=\u00bb-30px||||false|false\u00bb hover_enabled=\u00bb0&#8243; border_radii=\u00bbon|10px|10px|10px|10px\u00bb border_width_all=\u00bb0px\u00bb border_color_all=\u00bb#0038f0&#8243; box_shadow_style=\u00bbpreset6&#8243; box_shadow_blur=\u00bb10px\u00bb box_shadow_color=\u00bb#0038f0&#8243; global_colors_info=\u00bb{}\u00bb open=\u00bboff\u00bb sticky_enabled=\u00bb0&#8243;]<\/p>\n<p>Lorem ipsum dolor sit amet. Et iure illo id distinctio accusamus eos culpa harum et porro unde vel tempora tempore ea molestias vitae. Aut quis voluptatem rem natus dignissimos et rerum corporis.<\/p>\n<p>Eum quia inventore quo tempora omnis hic exercitationem doloribus. In quia amet At necessitatibus officiis est sequi aspernatur aut culpa laudantium ex corporis minima.<\/p>\n<p>[\/et_pb_accordion_item][et_pb_accordion_item title=\u00bbEdici\u00f3n de Informes de \u00c1rbitros\u00bb _builder_version=\u00bb4.19.4&#8243; _module_preset=\u00bbdefault\u00bb custom_margin=\u00bb-30px||||false|false\u00bb hover_enabled=\u00bb0&#8243; border_radii=\u00bbon|10px|10px|10px|10px\u00bb border_width_all=\u00bb0px\u00bb border_color_all=\u00bb#0038f0&#8243; box_shadow_style=\u00bbpreset6&#8243; box_shadow_blur=\u00bb10px\u00bb box_shadow_color=\u00bb#0038f0&#8243; global_colors_info=\u00bb{}\u00bb open=\u00bboff\u00bb sticky_enabled=\u00bb0&#8243;]<\/p>\n<p>Lorem ipsum dolor sit amet. Et iure illo id distinctio accusamus eos culpa harum et porro unde vel tempora tempore ea molestias vitae. Aut quis voluptatem rem natus dignissimos et rerum corporis.<\/p>\n<p>Eum quia inventore quo tempora omnis hic exercitationem doloribus. In quia amet At necessitatibus officiis est sequi aspernatur aut culpa laudantium ex corporis minima.<\/p>\n<p>[\/et_pb_accordion_item][et_pb_accordion_item title=\u00bbSistema de Revisi\u00f3n por Pares\u00bb _builder_version=\u00bb4.19.4&#8243; _module_preset=\u00bbdefault\u00bb custom_margin=\u00bb-30px||||false|false\u00bb hover_enabled=\u00bb0&#8243; border_radii=\u00bbon|10px|10px|10px|10px\u00bb border_width_all=\u00bb0px\u00bb border_color_all=\u00bb#0038f0&#8243; box_shadow_style=\u00bbpreset6&#8243; box_shadow_blur=\u00bb10px\u00bb box_shadow_color=\u00bb#0038f0&#8243; global_colors_info=\u00bb{}\u00bb open=\u00bboff\u00bb sticky_enabled=\u00bb0&#8243;]<\/p>\n<p>Lorem ipsum dolor sit amet. Et iure illo id distinctio accusamus eos culpa harum et porro unde vel tempora tempore ea molestias vitae. Aut quis voluptatem rem natus dignissimos et rerum corporis.<\/p>\n<p>Eum quia inventore quo tempora omnis hic exercitationem doloribus. In quia amet At necessitatibus officiis est sequi aspernatur aut culpa laudantium ex corporis minima.<\/p>\n<p>[\/et_pb_accordion_item][et_pb_accordion_item title=\u00bbPol\u00edticas de Publicaci\u00f3n Revisadas por Pares\u00bb _builder_version=\u00bb4.19.4&#8243; _module_preset=\u00bbdefault\u00bb custom_margin=\u00bb-30px||||false|false\u00bb hover_enabled=\u00bb0&#8243; border_radii=\u00bbon|10px|10px|10px|10px\u00bb border_width_all=\u00bb0px\u00bb border_color_all=\u00bb#0038f0&#8243; box_shadow_style=\u00bbpreset6&#8243; box_shadow_blur=\u00bb10px\u00bb box_shadow_color=\u00bb#0038f0&#8243; global_colors_info=\u00bb{}\u00bb open=\u00bboff\u00bb sticky_enabled=\u00bb0&#8243;]<\/p>\n<p>Lorem ipsum dolor sit amet. Et iure illo id distinctio accusamus eos culpa harum et porro unde vel tempora tempore ea molestias vitae. Aut quis voluptatem rem natus dignissimos et rerum corporis.<\/p>\n<p>Eum quia inventore quo tempora omnis hic exercitationem doloribus. In quia amet At necessitatibus officiis est sequi aspernatur aut culpa laudantium ex corporis minima.<\/p>\n<p>[\/et_pb_accordion_item][et_pb_accordion_item title=\u00bb\u00c9tica y Seguridad\u00bb _builder_version=\u00bb4.19.4&#8243; _module_preset=\u00bbdefault\u00bb custom_margin=\u00bb-30px||||false|false\u00bb hover_enabled=\u00bb0&#8243; border_radii=\u00bbon|10px|10px|10px|10px\u00bb border_width_all=\u00bb0px\u00bb border_color_all=\u00bb#0038f0&#8243; box_shadow_style=\u00bbpreset6&#8243; box_shadow_blur=\u00bb10px\u00bb box_shadow_color=\u00bb#0038f0&#8243; global_colors_info=\u00bb{}\u00bb open=\u00bboff\u00bb sticky_enabled=\u00bb0&#8243;]<\/p>\n<p>Lorem ipsum dolor sit amet. Et iure illo id distinctio accusamus eos culpa harum et porro unde vel tempora tempore ea molestias vitae. Aut quis voluptatem rem natus dignissimos et rerum corporis.<\/p>\n<p>Eum quia inventore quo tempora omnis hic exercitationem doloribus. In quia amet At necessitatibus officiis est sequi aspernatur aut culpa laudantium ex corporis minima.<\/p>\n<p>[\/et_pb_accordion_item][et_pb_accordion_item title=\u00bbEditoriales de las Revistas\u00bb _builder_version=\u00bb4.19.4&#8243; _module_preset=\u00bbdefault\u00bb custom_margin=\u00bb-30px||||false|false\u00bb hover_enabled=\u00bb0&#8243; border_radii=\u00bbon|10px|10px|10px|10px\u00bb border_width_all=\u00bb0px\u00bb border_color_all=\u00bb#0038f0&#8243; box_shadow_style=\u00bbpreset6&#8243; box_shadow_blur=\u00bb10px\u00bb box_shadow_color=\u00bb#0038f0&#8243; global_colors_info=\u00bb{}\u00bb open=\u00bboff\u00bb sticky_enabled=\u00bb0&#8243;]<\/p>\n<p>Lorem ipsum dolor sit amet. Et iure illo id distinctio accusamus eos culpa harum et porro unde vel tempora tempore ea molestias vitae. Aut quis voluptatem rem natus dignissimos et rerum corporis.<\/p>\n<p>Eum quia inventore quo tempora omnis hic exercitationem doloribus. In quia amet At necessitatibus officiis est sequi aspernatur aut culpa laudantium ex corporis minima.<\/p>\n<p>[\/et_pb_accordion_item][\/et_pb_accordion][\/et_pb_column][\/et_pb_row][\/et_pb_section]<\/p>\n","protected":false},"excerpt":{"rendered":"<p>Revisi\u00f3n por ParesPol\u00edtica editorial(T\u00edtulo) Lorem ipsum dolor sit amet. Est omnis quia aut aperiam numquam qui molestiae eius ut dolores eveniet. Non ullam repudiandae et magni omnis est quae fugit. At dolores enim sit dicta tempore a debitis maxime! Ea quia ducimus et omnis quaerat quo minima tenetur ea atque voluptatem. Ut molestiae fuga est [&hellip;]<\/p>\n","protected":false},"author":3,"featured_media":0,"parent":0,"menu_order":0,"comment_status":"closed","ping_status":"closed","template":"","meta":{"_et_pb_use_builder":"on","_et_pb_old_content":"","_et_gb_content_width":"","_coblocks_attr":"","_coblocks_dimensions":"","_coblocks_responsive_height":"","_coblocks_accordion_ie_support":"","footnotes":""},"class_list":["post-16247885","page","type-page","status-publish","hentry"],"_links":{"self":[{"href":"https:\/\/www.aprendevirtual.com\/kekos\/wp-json\/wp\/v2\/pages\/16247885","targetHints":{"allow":["GET"]}}],"collection":[{"href":"https:\/\/www.aprendevirtual.com\/kekos\/wp-json\/wp\/v2\/pages"}],"about":[{"href":"https:\/\/www.aprendevirtual.com\/kekos\/wp-json\/wp\/v2\/types\/page"}],"author":[{"embeddable":true,"href":"https:\/\/www.aprendevirtual.com\/kekos\/wp-json\/wp\/v2\/users\/3"}],"replies":[{"embeddable":true,"href":"https:\/\/www.aprendevirtual.com\/kekos\/wp-json\/wp\/v2\/comments?post=16247885"}],"version-history":[{"count":4,"href":"https:\/\/www.aprendevirtual.com\/kekos\/wp-json\/wp\/v2\/pages\/16247885\/revisions"}],"predecessor-version":[{"id":16247914,"href":"https:\/\/www.aprendevirtual.com\/kekos\/wp-json\/wp\/v2\/pages\/16247885\/revisions\/16247914"}],"wp:attachment":[{"href":"https:\/\/www.aprendevirtual.com\/kekos\/wp-json\/wp\/v2\/media?parent=16247885"}],"curies":[{"name":"wp","href":"https:\/\/api.w.org\/{rel}","templated":true}]}}