{"id":16247610,"date":"2023-01-09T07:02:40","date_gmt":"2023-01-09T07:02:40","guid":{"rendered":"https:\/\/www.aprendevirtual.com\/kekos\/?page_id=16247610"},"modified":"2023-01-09T07:15:33","modified_gmt":"2023-01-09T07:15:33","slug":"inicio-politica-editorial","status":"publish","type":"page","link":"https:\/\/www.aprendevirtual.com\/kekos\/inicio-politica-editorial\/","title":{"rendered":"Inicio-politica-editorial"},"content":{"rendered":"<p>[et_pb_section fb_built=\u00bb1&#8243; admin_label=\u00bbHeader\u00bb _builder_version=\u00bb4.19.4&#8243; _module_preset=\u00bbdefault\u00bb background_enable_color=\u00bboff\u00bb background_image=\u00bbhttps:\/\/www.aprendevirtual.com\/kekos\/wp-content\/uploads\/2023\/01\/Politica-editorial-scaled.jpg\u00bb custom_padding=\u00bb||0px||false|false\u00bb locked=\u00bboff\u00bb collapsed=\u00bboff\u00bb global_colors_info=\u00bb{}\u00bb][et_pb_row _builder_version=\u00bb4.19.4&#8243; _module_preset=\u00bbdefault\u00bb background_enable_color=\u00bboff\u00bb width_tablet=\u00bb80%\u00bb width_phone=\u00bb80%\u00bb width_last_edited=\u00bbon|tablet\u00bb custom_margin=\u00bb||||false|false\u00bb custom_padding=\u00bb||60vh|0px|false|false\u00bb hover_enabled=\u00bb0&#8243; global_colors_info=\u00bb{}\u00bb sticky_enabled=\u00bb0&#8243;][et_pb_column type=\u00bb4_4&#8243; _builder_version=\u00bb4.19.4&#8243; _module_preset=\u00bbdefault\u00bb custom_padding=\u00bb|||0px|false|false\u00bb global_colors_info=\u00bb{}\u00bb][et_pb_text _builder_version=\u00bb4.19.4&#8243; _module_preset=\u00bbdefault\u00bb text_font=\u00bb|600|||||||\u00bb text_text_color=\u00bb#FFFFFF\u00bb text_font_size=\u00bb16px\u00bb header_font=\u00bb|700|||||||\u00bb header_text_color=\u00bb#E1ECEA\u00bb header_font_size=\u00bb70px\u00bb header_line_height=\u00bb1.1em\u00bb use_background_color_gradient=\u00bbon\u00bb background_color_gradient_stops=\u00bb#0400f0 0%|rgba(4,0,240,0.3) 100%\u00bb text_orientation=\u00bbjustified\u00bb custom_margin=\u00bb0px||0px|0px|false|false\u00bb hover_enabled=\u00bb0&#8243; header_font_size_tablet=\u00bb40px\u00bb header_font_size_phone=\u00bb24px\u00bb header_font_size_last_edited=\u00bbon|desktop\u00bb text_text_shadow_style=\u00bbpreset4&#8243; header_text_shadow_style=\u00bbpreset4&#8243; border_radii=\u00bbon|15px|15px|15px|15px\u00bb global_colors_info=\u00bb{}\u00bb sticky_enabled=\u00bb0&#8243;]&nbsp;<\/p>\n<h1 style=\"text-align: center; padding-left: 40px;\">Pol\u00edtica editorial<\/h1>\n<p style=\"padding-left: 40px; padding-right: 40px;\">La informaci\u00f3n de esta secci\u00f3n es muy relevante y de suma importancia, puesto que en ella se describen las pol\u00edticas comunes que nuestros autores\/as y \u00e1rbitros\/as deben seguir.<\/p>\n<p style=\"padding-left: 40px; padding-right: 40px;\">Un aspecto muy importante que los autores\/as deben tener presente es que cuando env\u00ede un manuscrito a la <em>Revista Digital Internacional de Psicolog\u00eda y Ciencias Social<\/em> (RDIPyCS) su contenido no debe superponerse significativamente y ser mayor del 45% con otros art\u00edculos de los mismos autores\/as o de sus grupos de coautores que est\u00e9n bajo consideraci\u00f3n o en prensa en otras revistas, con la excepci\u00f3n de los res\u00famenes de conferencias o de congresos.<\/p>\n<p style=\"padding-left: 40px; padding-right: 40px;\">Los asuntos que se abordan para sentar las bases de las pautas, criterios y lineamiento que fijan los m\u00e1rgenes o limites de la pol\u00edtica editorial de la RDIyCS son muy variados y abarcan los temas de vanguardia que siguen a nivel mundial las revistas cient\u00edficas de mayor presencial mundial, en la que se incluyen no solamente la protecci\u00f3n al medio ambiente f\u00edsico, sino tambi\u00e9n al social, jur\u00eddico y educativo, entre otros.<\/p>\n<p style=\"padding-left: 40px; padding-right: 40px;\">En conclusi\u00f3n, los temas de esta secci\u00f3n son:<\/p>\n<p style=\"padding-left: 80px; padding-right: 40px;\"><span style=\"color: #ffff00;\">1. Paternidad literaria<\/span><br \/>\n<span style=\"color: #ffff00;\">2. Conflicto de inter\u00e9s<\/span><br \/>\n<span style=\"color: #ffff00;\">3. \u00c9tica de la investigaci\u00f3n<\/span><br \/>\n<span style=\"color: #ffff00;\">4. Est\u00e1ndares de informes y disponibilidad de datos<\/span><br \/>\n<span style=\"color: #ffff00;\">5. Plagio y publicaci\u00f3n duplicada<\/span><br \/>\n<span style=\"color: #ffff00;\">6. Correcciones, retractaciones y asuntos generales<\/span><br \/>\n<span style=\"color: #ffff00;\">7. Revisi\u00f3n abierta por pares<\/span><br \/>\n<span style=\"color: #ffff00;\">8. Acceso a la literatura<\/span><br \/>\n<span style=\"color: #ffff00;\">9. Confidencialidad<\/span><br \/>\n<span style=\"color: #ffff00;\">10. Agradecimientos<\/span><br \/>\n<span style=\"color: #ffff00;\">11. Pol\u00edtica de prensa y embargo<\/span><br \/>\n<span style=\"color: #ffff00;\">12. Autoarchivo y licencia para publicar<\/span><\/p>\n<p style=\"padding-left: 80px; padding-right: 40px;\">\n&nbsp;[\/et_pb_text][\/et_pb_column][\/et_pb_row][\/et_pb_section]<\/p>\n","protected":false},"excerpt":{"rendered":"<p>&nbsp; Pol\u00edtica editorial La informaci\u00f3n de esta secci\u00f3n es muy relevante y de suma importancia, puesto que en ella se describen las pol\u00edticas comunes que nuestros autores\/as y \u00e1rbitros\/as deben seguir. Un aspecto muy importante que los autores\/as deben tener presente es que cuando env\u00ede un manuscrito a la Revista Digital Internacional de Psicolog\u00eda y [&hellip;]<\/p>\n","protected":false},"author":1,"featured_media":0,"parent":0,"menu_order":0,"comment_status":"closed","ping_status":"closed","template":"","meta":{"_et_pb_use_builder":"on","_et_pb_old_content":"","_et_gb_content_width":"","_coblocks_attr":"","_coblocks_dimensions":"","_coblocks_responsive_height":"","_coblocks_accordion_ie_support":"","footnotes":""},"class_list":["post-16247610","page","type-page","status-publish","hentry"],"_links":{"self":[{"href":"https:\/\/www.aprendevirtual.com\/kekos\/wp-json\/wp\/v2\/pages\/16247610","targetHints":{"allow":["GET"]}}],"collection":[{"href":"https:\/\/www.aprendevirtual.com\/kekos\/wp-json\/wp\/v2\/pages"}],"about":[{"href":"https:\/\/www.aprendevirtual.com\/kekos\/wp-json\/wp\/v2\/types\/page"}],"author":[{"embeddable":true,"href":"https:\/\/www.aprendevirtual.com\/kekos\/wp-json\/wp\/v2\/users\/1"}],"replies":[{"embeddable":true,"href":"https:\/\/www.aprendevirtual.com\/kekos\/wp-json\/wp\/v2\/comments?post=16247610"}],"version-history":[{"count":7,"href":"https:\/\/www.aprendevirtual.com\/kekos\/wp-json\/wp\/v2\/pages\/16247610\/revisions"}],"predecessor-version":[{"id":16247620,"href":"https:\/\/www.aprendevirtual.com\/kekos\/wp-json\/wp\/v2\/pages\/16247610\/revisions\/16247620"}],"wp:attachment":[{"href":"https:\/\/www.aprendevirtual.com\/kekos\/wp-json\/wp\/v2\/media?parent=16247610"}],"curies":[{"name":"wp","href":"https:\/\/api.w.org\/{rel}","templated":true}]}}