{"id":16247317,"date":"2022-12-28T05:50:29","date_gmt":"2022-12-28T05:50:29","guid":{"rendered":"https:\/\/www.aprendevirtual.com\/kekos\/?page_id=16247317"},"modified":"2023-01-09T07:20:17","modified_gmt":"2023-01-09T07:20:17","slug":"inicio-sobre-la-revista","status":"publish","type":"page","link":"https:\/\/www.aprendevirtual.com\/kekos\/inicio-sobre-la-revista\/","title":{"rendered":"Inicio-sobre-la-revista"},"content":{"rendered":"<p>[et_pb_section fb_built=\u00bb1&#8243; admin_label=\u00bbHeader\u00bb _builder_version=\u00bb4.19.4&#8243; _module_preset=\u00bbdefault\u00bb background_enable_color=\u00bboff\u00bb background_image=\u00bbhttps:\/\/www.aprendevirtual.com\/kekos\/wp-content\/uploads\/2023\/01\/sobre_la_revista-scaled.jpg\u00bb custom_padding=\u00bb||0px||false|false\u00bb locked=\u00bboff\u00bb collapsed=\u00bboff\u00bb global_colors_info=\u00bb{}\u00bb][et_pb_row _builder_version=\u00bb4.19.4&#8243; _module_preset=\u00bbdefault\u00bb background_enable_color=\u00bboff\u00bb width_tablet=\u00bb80%\u00bb width_phone=\u00bb80%\u00bb width_last_edited=\u00bbon|tablet\u00bb custom_margin=\u00bb||||false|false\u00bb custom_padding=\u00bb||60vh|0px|false|false\u00bb global_colors_info=\u00bb{}\u00bb][et_pb_column type=\u00bb4_4&#8243; _builder_version=\u00bb4.19.4&#8243; _module_preset=\u00bbdefault\u00bb custom_padding=\u00bb|||0px|false|false\u00bb global_colors_info=\u00bb{}\u00bb][et_pb_text _builder_version=\u00bb4.19.4&#8243; _module_preset=\u00bbdefault\u00bb text_font=\u00bb|600|||||||\u00bb text_text_color=\u00bb#FFFFFF\u00bb text_font_size=\u00bb16px\u00bb header_font=\u00bb|700|||||||\u00bb header_text_color=\u00bb#E1ECEA\u00bb header_font_size=\u00bb70px\u00bb header_line_height=\u00bb1.1em\u00bb use_background_color_gradient=\u00bbon\u00bb background_color_gradient_stops=\u00bb#0400f0 0%|rgba(4,0,240,0.3) 100%\u00bb text_orientation=\u00bbjustified\u00bb custom_margin=\u00bb||0px|0px|false|false\u00bb hover_enabled=\u00bb0&#8243; header_font_size_tablet=\u00bb40px\u00bb header_font_size_phone=\u00bb24px\u00bb header_font_size_last_edited=\u00bbon|desktop\u00bb text_text_shadow_style=\u00bbpreset4&#8243; header_text_shadow_style=\u00bbpreset4&#8243; border_radii=\u00bbon|15px|15px|15px|15px\u00bb global_colors_info=\u00bb{}\u00bb sticky_enabled=\u00bb0&#8243;]&nbsp;<\/p>\n<h1 style=\"text-align: center;\">Sobre la revista<\/h1>\n<p style=\"padding-left: 40px; padding-right: 40px;\">La <em>Revista Digital Internacional de Psicolog\u00eda y Ciencia Social <\/em>(RDIPyCS) es una publicaci\u00f3n peri\u00f3dica editada en la <span style=\"color: #ffff99;\"><a href=\"https:\/\/www.unam.mx\/\" target=\"_blank\" rel=\"noopener\" style=\"color: #ffff99;\">Universidad Nacional Aut\u00f3noma de M\u00e9xico<\/a><\/span> a trav\u00e9s de <span style=\"color: #ffff00;\"><a href=\"https:\/\/www.iztacala.unam.mx\/\" target=\"_blank\" rel=\"noopener\" style=\"color: #ffff00;\">Facultad de Estudios Superiores Iztacala<\/a><\/span> y actualmente se ha incorporado la <span style=\"color: #ffff00;\"><a href=\"https:\/\/uai.edu.ar\/\" target=\"_blank\" rel=\"noopener\" style=\"color: #ffff00;\">Universidad Abierta Interamericana<\/a><\/span> de Argentina con la finalidad de ampliar los campos de conocimiento hacia las ciencias econ\u00f3mico-administrativas.<\/p>\n<p style=\"padding-left: 40px; padding-right: 40px;\">Con esta asociaci\u00f3n estrat\u00e9gica\u00a0 se ampl\u00eda la gama de campos cient\u00edficos convirti\u00e9ndola en una revista transdisciplinaria, ya que en su tem\u00e1tica se abordan estudios que tienen que ver con las ciencias sociales y de la salud, as\u00ed como con las ciencias econ\u00f3mico-administrativas.<\/p>\n<p style=\"padding-left: 40px; padding-right: 40px;\">En esta secci\u00f3n se describen los asuntos de la <em>RDIPyCS<\/em> relacionados con:<\/p>\n<ol>\n<li style=\"list-style-type: none;\">\n<ol>\n<ol><\/ol>\n<\/ol>\n<ol>\n<li><a href=\"sdsdsdsd\"><\/a><a href=\"dsddsdsdsdds\"><span style=\"color: #ffff00;\">Los principios e ideales que la rigen<\/span><\/a><\/li>\n<li><span style=\"color: #ffff00;\"><a href=\"dsddsdsdsdds\" style=\"color: #ffff00;\">El modelo editorial que se utiliza para publicar el material cient\u00edfico<\/a><\/span><\/li>\n<li><span style=\"color: #ffff00;\"><a href=\"xxzxzxzxzxzxz\" style=\"color: #ffff00;\">Los valores editoriales que rigen su comportamiento<\/a><\/span><\/li>\n<li><span style=\"color: #ffff00;\"><a href=\"xzxzxzxzxzxz\" style=\"color: #ffff00;\">El proceso editorial que siguen la publicaci\u00f3n del material cient\u00edfico<\/a><\/span><\/li>\n<li><span style=\"color: #ffff00;\"><a href=\"zxxzxxxxzzx\" style=\"color: #ffff00;\">La manera de hacer contacto con nuestro equipo editorial para realizar alianzas estrat\u00e9gicas institucionales.<\/a><\/span><\/li>\n<\/ol>\n<\/li>\n<\/ol>\n<p>&nbsp;[\/et_pb_text][\/et_pb_column][\/et_pb_row][\/et_pb_section]<\/p>\n","protected":false},"excerpt":{"rendered":"<p>&nbsp;Sobre la revista La Revista Digital Internacional de Psicolog\u00eda y Ciencia Social (RDIPyCS) es una publicaci\u00f3n peri\u00f3dica editada en la Universidad Nacional Aut\u00f3noma de M\u00e9xico a trav\u00e9s de Facultad de Estudios Superiores Iztacala y actualmente se ha incorporado la Universidad Abierta Interamericana de Argentina con la finalidad de ampliar los campos de conocimiento hacia las [&hellip;]<\/p>\n","protected":false},"author":1,"featured_media":0,"parent":0,"menu_order":0,"comment_status":"closed","ping_status":"closed","template":"","meta":{"_et_pb_use_builder":"on","_et_pb_old_content":"","_et_gb_content_width":"","_coblocks_attr":"","_coblocks_dimensions":"","_coblocks_responsive_height":"","_coblocks_accordion_ie_support":"","footnotes":""},"class_list":["post-16247317","page","type-page","status-publish","hentry"],"_links":{"self":[{"href":"https:\/\/www.aprendevirtual.com\/kekos\/wp-json\/wp\/v2\/pages\/16247317","targetHints":{"allow":["GET"]}}],"collection":[{"href":"https:\/\/www.aprendevirtual.com\/kekos\/wp-json\/wp\/v2\/pages"}],"about":[{"href":"https:\/\/www.aprendevirtual.com\/kekos\/wp-json\/wp\/v2\/types\/page"}],"author":[{"embeddable":true,"href":"https:\/\/www.aprendevirtual.com\/kekos\/wp-json\/wp\/v2\/users\/1"}],"replies":[{"embeddable":true,"href":"https:\/\/www.aprendevirtual.com\/kekos\/wp-json\/wp\/v2\/comments?post=16247317"}],"version-history":[{"count":26,"href":"https:\/\/www.aprendevirtual.com\/kekos\/wp-json\/wp\/v2\/pages\/16247317\/revisions"}],"predecessor-version":[{"id":16247624,"href":"https:\/\/www.aprendevirtual.com\/kekos\/wp-json\/wp\/v2\/pages\/16247317\/revisions\/16247624"}],"wp:attachment":[{"href":"https:\/\/www.aprendevirtual.com\/kekos\/wp-json\/wp\/v2\/media?parent=16247317"}],"curies":[{"name":"wp","href":"https:\/\/api.w.org\/{rel}","templated":true}]}}