{"id":16247212,"date":"2022-12-25T03:05:41","date_gmt":"2022-12-25T03:05:41","guid":{"rendered":"https:\/\/www.aprendevirtual.com\/kekos\/?page_id=16247212"},"modified":"2023-04-16T05:43:23","modified_gmt":"2023-04-16T05:43:23","slug":"principios_e_ideales","status":"publish","type":"page","link":"https:\/\/www.aprendevirtual.com\/kekos\/principios_e_ideales\/","title":{"rendered":"Sobre-la-revista-principios-e-ideales"},"content":{"rendered":"<p>[et_pb_section fb_built=\u00bb1&#8243; admin_label=\u00bbHeader\u00bb _builder_version=\u00bb4.19.4&#8243; _module_preset=\u00bbdefault\u00bb background_enable_color=\u00bboff\u00bb use_background_color_gradient=\u00bbon\u00bb background_color_gradient_stops=\u00bb#003d79 25%|rgba(46,91,97,0) 100%\u00bb background_color_gradient_overlays_image=\u00bbon\u00bb background_image=\u00bbhttps:\/\/www.aprendevirtual.com\/kekos\/wp-content\/uploads\/2023\/01\/sobre_la_revista-scaled.jpg\u00bb custom_padding=\u00bb||0px||false|false\u00bb locked=\u00bboff\u00bb collapsed=\u00bbon\u00bb global_colors_info=\u00bb{}\u00bb][et_pb_row _builder_version=\u00bb4.19.0&#8243; _module_preset=\u00bbdefault\u00bb background_enable_color=\u00bboff\u00bb width=\u00bb50%\u00bb width_tablet=\u00bb80%\u00bb width_phone=\u00bb80%\u00bb width_last_edited=\u00bbon|tablet\u00bb global_colors_info=\u00bb{}\u00bb][et_pb_column type=\u00bb4_4&#8243; _builder_version=\u00bb4.17.1&#8243; _module_preset=\u00bbdefault\u00bb global_colors_info=\u00bb{}\u00bb][et_pb_text _builder_version=\u00bb4.19.4&#8243; _module_preset=\u00bbdefault\u00bb header_font=\u00bb|700|||||||\u00bb header_text_color=\u00bb#E1ECEA\u00bb header_font_size=\u00bb70px\u00bb header_line_height=\u00bb1.1em\u00bb text_orientation=\u00bbcenter\u00bb custom_margin=\u00bb||0px||false|false\u00bb header_font_size_tablet=\u00bb40px\u00bb header_font_size_phone=\u00bb24px\u00bb header_font_size_last_edited=\u00bbon|desktop\u00bb header_text_shadow_style=\u00bbpreset4&#8243; global_colors_info=\u00bb{}\u00bb]<\/p>\n<h1><span style=\"color: #ffffff;\">Principios e ideales<\/span><\/h1>\n<p>[\/et_pb_text][\/et_pb_column][\/et_pb_row][et_pb_row _builder_version=\u00bb4.19.4&#8243; _module_preset=\u00bbdefault\u00bb global_colors_info=\u00bb{}\u00bb][et_pb_column type=\u00bb4_4&#8243; _builder_version=\u00bb4.19.4&#8243; _module_preset=\u00bbdefault\u00bb global_colors_info=\u00bb{}\u00bb][et_pb_text _builder_version=\u00bb4.19.4&#8243; _module_preset=\u00bbdefault\u00bb text_font=\u00bb|600||on|||||\u00bb text_text_color=\u00bb#FFF347&#8243; text_font_size=\u00bb25px\u00bb text_orientation=\u00bbright\u00bb custom_margin=\u00bb-40px||||false|false\u00bb text_text_shadow_style=\u00bbpreset4&#8243; text_text_shadow_color=\u00bb#000000&#8243; global_colors_info=\u00bb{}\u00bb]<\/p>\n<p>Sobre la revista<\/p>\n<p>[\/et_pb_text][\/et_pb_column][\/et_pb_row][\/et_pb_section][et_pb_section fb_built=\u00bb1&#8243; _builder_version=\u00bb4.19.4&#8243; _module_preset=\u00bbdefault\u00bb custom_padding=\u00bb54px|||||\u00bb global_colors_info=\u00bb{}\u00bb][et_pb_row _builder_version=\u00bb4.19.4&#8243; _module_preset=\u00bbdefault\u00bb background_enable_color=\u00bboff\u00bb custom_padding=\u00bb21px|40px|80px|40px||\u00bb global_colors_info=\u00bb{}\u00bb][et_pb_column type=\u00bb4_4&#8243; _builder_version=\u00bb4.17.4&#8243; _module_preset=\u00bbdefault\u00bb global_colors_info=\u00bb{}\u00bb][et_pb_text _builder_version=\u00bb4.19.4&#8243; _module_preset=\u00bbdefault\u00bb text_font=\u00bb||||||||\u00bb text_text_color=\u00bb#0038f0&#8243; text_font_size=\u00bb40px\u00bb text_line_height=\u00bb1em\u00bb header_2_font=\u00bbCormorant Garamond|700|||||||\u00bb header_2_font_size=\u00bb60px\u00bb header_2_line_height=\u00bb1.2em\u00bb text_orientation=\u00bbright\u00bb text_text_shadow_style=\u00bbpreset1&#8243; header_text_shadow_style=\u00bbpreset1&#8243; global_colors_info=\u00bb{}\u00bb]<\/p>\n<p>La ciencia abierta nuestra vocaci\u00f3n<\/p>\n<p>[\/et_pb_text][et_pb_text _builder_version=\u00bb4.19.0&#8243; _module_preset=\u00bbdefault\u00bb text_text_color=\u00bb#000000&#8243; text_font_size=\u00bb15px\u00bb background_color=\u00bb#f4f4f4&#8243; text_text_shadow_style=\u00bbpreset1&#8243; global_colors_info=\u00bb{}\u00bb]<\/p>\n<table border=\"0\" style=\"width: 100%; border-collapse: collapse; background-color: f4f4f4;\">\n<tbody>\n<tr>\n<td style=\"width: 100%; background-color: f4f4f4;\"><span style=\"color: #000080;\">Los or\u00edgenes e ideales que le da sentido a la Revista Digital Internacional de Psicolog\u00eda y Ciencia Social (RDIPyCS) se desprenden del principio primigenio de ciencia abierta. A partir de este principio es que se delimita el alcance de la misi\u00f3n, visi\u00f3n, objetivos, medios, imagen corporativa, historia de la revista y la pol\u00edtica de acceso abierto.<\/span><span style=\"color: #000080;\"><\/span><\/td>\n<\/tr>\n<\/tbody>\n<\/table>\n<p>[\/et_pb_text][et_pb_divider color=\u00bb#0038f0&#8243; divider_weight=\u00bb3px\u00bb _builder_version=\u00bb4.19.4&#8243; _module_preset=\u00bbdefault\u00bb global_colors_info=\u00bb{}\u00bb][\/et_pb_divider][dgat_advancedtab tab_event_type=\u00bbmouseover\u00bb icon_color=\u00bb#0038f0&#8243; icon_color_active=\u00bb#6c2eb9&#8243; icon_align=\u00bbcenter\u00bb use_active_arrow=\u00bbon\u00bb active_arrow_color=\u00bb#0038f0&#8243; arrow_align=\u00bbcenter\u00bb admin_label=\u00bbAdvanced Tabs\u00bb _builder_version=\u00bb4.19.4&#8243; _module_preset=\u00bbdefault\u00bb title_font=\u00bb|600|||||||\u00bb title_text_align=\u00bbcenter\u00bb title_text_color=\u00bb#0038f0&#8243; title_active_text_color=\u00bb#6c2eb9&#8243; custom_padding=\u00bb0px|||||\u00bb hover_enabled=\u00bb0&#8243; title_text_shadow_style=\u00bbpreset1&#8243; locked=\u00bboff\u00bb global_colors_info=\u00bb{}\u00bb sticky_enabled=\u00bb0&#8243;][dgat_advancedtabitem title=\u00bbMisi\u00f3n\u00bb use_icon=\u00bbon\u00bb font_icon=\u00bb&#xf135;||fa||900&#8243; at_button_button_url_new_window=\u00bbon\u00bb _builder_version=\u00bb4.19.4&#8243; text_text_color=\u00bb#000000&#8243; hover_enabled=\u00bb0&#8243; text_text_shadow_style=\u00bbpreset1&#8243; global_colors_info=\u00bb{}\u00bb sticky_enabled=\u00bb0&#8243;]<\/p>\n<p>La <strong>misi\u00f3n<\/strong> de la Revista Digital Internacional de Psicolog\u00eda y Ciencia Social est\u00e1 comprometida a promover la divulgaci\u00f3n cient\u00edfica, a trav\u00e9s de la adopci\u00f3n de una filosof\u00eda de ciencia abierta. En ese sentido, estamos comprometidos a fomentar la transparencia y el acceso libre a la informaci\u00f3n cient\u00edfica, as\u00ed como a promover la colaboraci\u00f3n y el intercambio de conocimientos entre investigadores, acad\u00e9micos y p\u00fablico en general.<\/p>\n<p>Perseguimos impulsar la investigaci\u00f3n rigurosa y de calidad en todas las disciplinas cient\u00edficas del campo de las ciencias sociales, de la salud y las econ\u00f3mico administrativas, esforz\u00e1ndonos por asegurar que los resultados de la investigaci\u00f3n sean accesibles, comprensibles y \u00fatiles para la sociedad en su conjunto.<\/p>\n<p>Buscamos promover la difusi\u00f3n del conocimiento mediante la publicaci\u00f3n de art\u00edculos originales que garanticen su calidad y rigurosidad a trav\u00e9s de un procedimiento de <a href=\"Ir%20a donde este la politica de revisi\u00f3n abierta por pares \" target=\"_blank\" rel=\"noopener\" title=\"Ir a revisi\u00f3n abierta por pares \"><strong><span style=\"color: #800000;\">revisi\u00f3n abierta por pares<\/span><\/strong><\/a> reforzado por la adopci\u00f3n de est\u00e1ndares \u00e9ticos y de buenas pr\u00e1cticas de investigaci\u00f3n.<\/p>\n<p>Pretendemos abordar problemas complejos desde m\u00faltiples perspectivas, a trav\u00e9s de un enfoque transdisciplinario, con la finalidad de ampliar el alcance de la investigaci\u00f3n y fomentar la colaboraci\u00f3n y el di\u00e1logo entre disciplinas que propicien el surgimiento de soluciones m\u00e1s creativas e innovadoras que tengan un impacto m\u00e1s amplio y relevante para el cambio social.<\/p>\n<p>Aspiramos a publicar art\u00edculos cient\u00edficos originales e innovadores, revisiones sistem\u00e1ticas y metaan\u00e1lisis, as\u00ed como estudios de caso, ensayos te\u00f3ricos y metodolog\u00edcos, e innovaciones tecnol\u00f3gicas que aborden temas relevantes y actuales en las ciencias sociales, de la salud y econ\u00f3mico-administrativas.<\/p>\n<p>Y finalmente, persiguimos establecer <a href=\"ligar%20ir al documento de presentaci\u00f3n de la revista Mart\u00edn\" target=\"_blank\" rel=\"noopener\" title=\"Alianzas estrtategias\">alianzas estrat\u00e9gicas<\/a> con instituciones y organizaciones nacionales e internacionales para fortalecer el impacto y alcance de la investigaci\u00f3n cient\u00edfica en la sociedad a trav\u00e9s de una filosof\u00eda que se nutre de los planteamientos establecidos por la UNESCO en su documento base \u201c<a href=\"https:\/\/unesdoc.unesco.org\/ark:\/48223\/pf0000378841_spa\" target=\"_blank\" rel=\"noopener\" title=\"Documento de la UNESCO sobre ciencia abierta\">Proyecto de recomendaci\u00f3n sobre la ciencia abierta<\/a>\u201d.<\/p>\n<p>[\/dgat_advancedtabitem][dgat_advancedtabitem title=\u00bbVisi\u00f3n\u00bb use_icon=\u00bbon\u00bb font_icon=\u00bb&#xe0de;||divi||400&#8243; at_button_button_url_new_window=\u00bb1&#8243; _builder_version=\u00bb4.19.4&#8243; text_text_color=\u00bb#000000&#8243; text_text_shadow_style=\u00bbpreset1&#8243; global_colors_info=\u00bb{}\u00bb]<\/p>\n<p>La visi\u00f3n de la Revista Digital Internacional de Psicolog\u00eda y Ciencia Social (RDIPyCS) es ser un agente de cambio en la promoci\u00f3n y de la divulgaci\u00f3n cient\u00edfica mediante al amparo de la ciencia abierta con un enfoque transdisciplinario en las \u00e1reas de ciencias sociales, de la salud y econ\u00f3mico-administrativas.<\/p>\n<p>Buscamos fomentar la transparencia, la accesibilidad y la colaboraci\u00f3n en la investigaci\u00f3n cient\u00edfica para impulsar la creaci\u00f3n de conocimiento riguroso y de calidad en todas las disciplinas.<\/p>\n<p>Aspiramos a ser reconocidos como l\u00edderes en la promoci\u00f3n de la ciencia abierta, ofreciendo una plataforma de publicaci\u00f3n que sea inclusiva, transparente y accesible para todos los autores y lectores interesados en la ciencia abierta.<\/p>\n<p>Pretendemos ser reconocidos por la calidad y rigor de nuestros contenidos, as\u00ed como por el compromiso con la transparencia, accesibilidad y democratizaci\u00f3n del conocimiento cient\u00edfico.<\/p>\n<p>Establecemos el compromiso de trabajar en estrecha colaboraci\u00f3n con la comunidad cient\u00edfica, las instituciones acad\u00e9micas y el p\u00fablico en general para fomentar la comprensi\u00f3n y el apoyo a la ciencia abierta, contribuyendo as\u00ed al avance del conocimiento cient\u00edfico y a la soluci\u00f3n de los problemas m\u00e1s apremiantes en beneficio de la sociedad.<\/p>\n<p>[\/dgat_advancedtabitem][dgat_advancedtabitem title=\u00bbObjetivos\u00bb use_icon=\u00bbon\u00bb font_icon=\u00bb&#xf140;||fa||900&#8243; at_button_button_url_new_window=\u00bbon\u00bb _builder_version=\u00bb4.19.4&#8243; text_text_color=\u00bb#000000&#8243; text_text_shadow_style=\u00bbpreset1&#8243; global_colors_info=\u00bb{}\u00bb]<\/p>\n<p>El objetivo general de la Revista Digital Internacional de Psicolog\u00eda y Ciencia Social (RDIPyCS) \u00a0es promover la divulgaci\u00f3n de la ciencia abierta con un enfoque transdisciplinario en las ciencias sociales, de la salud y econ\u00f3mico-administrativas, mediante la publicaci\u00f3n de investigaciones rigurosas y de alta calidad que sean accesibles, transparentes y colaborativas. Adem\u00e1s, crear una comunidad cient\u00edfica comprometida con la pr\u00e1ctica de la ciencia abierta, donde se fomente el di\u00e1logo y la discusi\u00f3n en torno a los resultados de investigaci\u00f3n y se genere un intercambio de ideas que permita avanzar en el conocimiento cient\u00edfico. Y finalmente, trabajar en estrecha colaboraci\u00f3n con los autores y lectores de nuestra revista, as\u00ed como con la comunidad cient\u00edfica en general, para fomentar la adopci\u00f3n de pr\u00e1cticas de ciencia abierta en la investigaci\u00f3n y la divulgaci\u00f3n cient\u00edfica, con la finalidad de contribuir a la generaci\u00f3n de conocimiento \u00fatil y relevante para la sociedad.<\/p>\n<p>En cuanto a los objetivos espec\u00edficos la RDIPyCS busca:<\/p>\n<ol>\n<li style=\"list-style-type: none;\">\n<ol>\n<li>Fomentar la publicaci\u00f3n de investigaciones que utilicen pr\u00e1cticas de ciencia abierta con enfoque transdisciplinario, como el acceso libre a datos y la transparencia en la metodolog\u00eda utilizada.<\/li>\n<li>Promover el uso de herramientas tecnol\u00f3gicas para la gesti\u00f3n de datos y la publicaci\u00f3n de investigaciones, para hacer m\u00e1s eficiente y accesible la labor cient\u00edfica.<\/li>\n<li>Propiciar el di\u00e1logo y la discusi\u00f3n entre los autores y los lectores de nuestra revista, mediante la inclusi\u00f3n de secciones de comentarios y debate, con el fin de fomentar la retroalimentaci\u00f3n y la mejora continua de la investigaci\u00f3n.<\/li>\n<li>Establecer alianzas estrat\u00e9gicas con instituciones y organizaciones que promuevan la ciencia abierta, para fomentar la colaboraci\u00f3n y el intercambio de informaci\u00f3n y conocimiento.<\/li>\n<li>Desarrollar actividades de formaci\u00f3n y capacitaci\u00f3n en pr\u00e1cticas de ciencia abierta, dirigidas tanto a autores como a revisores y editores de la revista, con el fin de fomentar su adopci\u00f3n y uso en la comunidad cient\u00edfica.<\/li>\n<li>Incentivar la inclusi\u00f3n de investigadores emergentes y de pa\u00edses en desarrollo en nuestra revista, para fomentar la diversidad y la inclusi\u00f3n en la investigaci\u00f3n cient\u00edfica.<\/li>\n<li>Brindar un espacio de difusi\u00f3n a investigadores, profesionales, estudiantes y p\u00fablico en general interesados en el avance de las ciencias sociales, de la salud y econ\u00f3mico-administrativas que est\u00e9n comprometidos con los principios de la ciencia abierta.<\/li>\n<li>Promover la colaboraci\u00f3n interdisciplinaria y la participaci\u00f3n activa de la comunidad cient\u00edfica y acad\u00e9mica para lograr un mayor impacto en la sociedad.<\/li>\n<\/ol>\n<\/li>\n<\/ol>\n<ol start=\"7\"><\/ol>\n<p>[\/dgat_advancedtabitem][dgat_advancedtabitem title=\u00bbValores\u00bb use_icon=\u00bbon\u00bb font_icon=\u00bb&#xf552;||fa||900&#8243; at_button_button_url_new_window=\u00bbon\u00bb _builder_version=\u00bb4.19.4&#8243; text_text_color=\u00bb#000000&#8243; hover_enabled=\u00bb0&#8243; text_text_shadow_style=\u00bbpreset1&#8243; global_colors_info=\u00bb{}\u00bb sticky_enabled=\u00bb0&#8243;]<\/p>\n<p>Los valores b\u00e1sicos que norman las acciones de la <em><strong>Revista Digital Internacional de Psicolog\u00eda y las Ciencias Sociales<\/strong> <\/em>(RDIPyCS) tienen como prop\u00f3sito por un lado, guiar a los autores\/as para que adopten las mejores pr\u00e1cticas en lay fomentar una cultura de calidad y rigor. Por otro lado, hacer del conocimiento de sus lectores la manera que sus editores toman las decisiones m\u00e1s informadas y coherentes en cuanto a qu\u00e9 art\u00edculo aceptar o rechazar.<\/p>\n<p>Los valores que definen la identidad de la revista son:<\/p>\n<ol>\n<li><strong>Pluralidad<\/strong>: se busca promover la coexistencia pac\u00edfica de distintas visiones de la realidad, que adopte una posici\u00f3n cr\u00edtica de respeto y propositiva ante los que piensan diferente y se adquiera una sensibilidad social que evite caer en dogmatismos o radicalismos, as\u00ed como tambi\u00e9n en una \u00e9tica personal sesgada por intereses particulares.<\/li>\n<li><strong>Transparencia<\/strong>: se busca promover la transparencia en el proceso editorial y la publicaci\u00f3n de los art\u00edculos cient\u00edficos, lo cual incluye la divulgaci\u00f3n de los criterios de selecci\u00f3n, revisi\u00f3n y aceptaci\u00f3n de los trabajos, as\u00ed como la identificaci\u00f3n de los posibles conflictos de inter\u00e9s.<\/li>\n<li><strong>\u00c9tica en la investigaci\u00f3n<\/strong>: se promueve la \u00e9tica en la investigaci\u00f3n cient\u00edfica, incluyendo la protecci\u00f3n de los derechos humanos y animales, la prevenci\u00f3n de la mala conducta cient\u00edfica y la promoci\u00f3n de la integridad en la investigaci\u00f3n.<\/li>\n<li><strong>Accesibilidad<\/strong>: se busca promover el acceso abierto a los trabajos cient\u00edficos, lo que permite que el conocimiento generado est\u00e9 disponible para todos los interesados, incluyendo aquellos que no tienen acceso a revistas especializadas.<\/li>\n<li><strong>Colaboraci\u00f3n y diversidad<\/strong>: se valora la colaboraci\u00f3n y la diversidad en la investigaci\u00f3n cient\u00edfica, promoviendo la participaci\u00f3n de diferentes grupos y disciplinas en la generaci\u00f3n de conocimiento.<\/li>\n<li><strong>Responsabilidad social<\/strong>: se promueve la responsabilidad social en la investigaci\u00f3n cient\u00edfica, enfatizando la importancia de que los trabajos tengan un impacto positivo en la sociedad y la comunidad en general.<\/li>\n<li><strong>Rigor cient\u00edfico<\/strong>: se busca promover el rigor cient\u00edfico en la investigaci\u00f3n y publicaci\u00f3n de trabajos, lo cual incluye el uso de m\u00e9todos y t\u00e9cnicas apropiadas, el reporte preciso de los resultados y la revisi\u00f3n por pares de alta calidad. Diversidad: Promover la diversidad y la inclusi\u00f3n en todas las \u00e1reas de la publicaci\u00f3n, incluyendo la selecci\u00f3n de art\u00edculos, la revisi\u00f3n por pares y la composici\u00f3n del equipo editorial.<\/li>\n<li><strong>Innovaci\u00f3n<\/strong>: Estar siempre atentos a las nuevas tendencias y tecnolog\u00edas en el campo de la publicaci\u00f3n cient\u00edfica, y estar dispuestos a adoptar pr\u00e1cticas innovadoras que mejoren la eficiencia y la calidad del proceso de publicaci\u00f3n.<\/li>\n<\/ol>\n<p>[\/dgat_advancedtabitem][dgat_advancedtabitem title=\u00bbImagen\u00bb use_icon=\u00bbon\u00bb font_icon=\u00bb&#xf497;||fa||900&#8243; image=\u00bbhttps:\/\/www.aprendevirtual.com\/kekos\/wp-content\/uploads\/2022\/12\/imagen_corporativa_RDIPyCS.png\u00bb alt=\u00bbIsotipo de la revista\u00bb img_placement=\u00bbflex_left\u00bb img_container_width=\u00bb25%\u00bb vertical_align=\u00bbcenter\u00bb image_size_maxwidth=\u00bb31%\u00bb image_size_alignment=\u00bbright\u00bb at_button_button_url_new_window=\u00bbon\u00bb _builder_version=\u00bb4.19.4&#8243; text_text_color=\u00bb#000000&#8243; hover_enabled=\u00bb0&#8243; text_text_shadow_style=\u00bbpreset1&#8243; global_colors_info=\u00bb{}\u00bb sticky_enabled=\u00bb0&#8243;]<\/p>\n<p>El concepto de la imagen corporativa est\u00e1 basado en la globalidad puesto que es una revista internacional; busca representar un enlace social en conjunto con la psicolog\u00eda, adem\u00e1s de jugar con los s\u00edmbolos caracter\u00edsticos de esta ciencia por medio de la abstracci\u00f3n.<\/p>\n<p>[\/dgat_advancedtabitem][dgat_advancedtabitem title=\u00bbPol\u00edtica\u00bb use_icon=\u00bbon\u00bb font_icon=\u00bb&#xf1ea;||fa||400&#8243; at_button_button_url_new_window=\u00bbon\u00bb _builder_version=\u00bb4.19.4&#8243; text_text_color=\u00bb#000000&#8243; hover_enabled=\u00bb0&#8243; text_text_shadow_style=\u00bbpreset1&#8243; global_colors_info=\u00bb{}\u00bb sticky_enabled=\u00bb0&#8243;]<\/p>\n<p><em><strong>La Revista Digital Internacional de Psicolog\u00eda y las Ciencias Sociales<\/strong><\/em> (RDIPyCS) se adhiere a la pol\u00edtica de acceso abierto y promueve la difusi\u00f3n libre y gratuita del conocimiento cient\u00edfico. Todos los art\u00edculos publicados en nuestra revista est\u00e1n disponibles en l\u00ednea de manera gratuita y sin restricciones para cualquier lector interesado. Los autores retienen el copyright de sus art\u00edculos y otorgan a la RDIPyCS una licencia no exclusiva para publicar y distribuir su trabajo.<\/p>\n<p>La RDIPyCS utiliza el modelo de acceso abierto \u00abgold\u00bb, lo que significa que los costos de publicaci\u00f3n son cubiertos por los autores o las instituciones de investigaci\u00f3n del equipo editorial. De esta manera, podemos garantizar que el acceso a nuestros art\u00edculos no est\u00e9 limitado por barreras financieras y que cualquier persona interesada en la investigaci\u00f3n cient\u00edfica pueda acceder a ellos.<\/p>\n<p>Adem\u00e1s, la RDIPyCS se adhiere a los principios de la Declaraci\u00f3n de Berl\u00edn sobre acceso abierto al conocimiento en las ciencias y humanidades y promueve la preservaci\u00f3n a largo plazo de los art\u00edculos publicados en nuestra revista.<\/p>\n<p>En conclusi\u00f3n, la pol\u00edtica de acceso abierto de la RDIPyCS busca garantizar la difusi\u00f3n libre y gratuita del conocimiento cient\u00edfico y fomentar una cultura de colaboraci\u00f3n y apertura en la comunidad cient\u00edfica.<\/p>\n<p>[\/dgat_advancedtabitem][dgat_advancedtabitem title=\u00bbHistoria\u00bb use_icon=\u00bbon\u00bb font_icon=\u00bb&#xf66f;||fa||900&#8243; at_button_button_url_new_window=\u00bbon\u00bb _builder_version=\u00bb4.19.4&#8243; global_colors_info=\u00bb{}\u00bb]<\/p>\n<p><span>[et_pb_section global_module=\"6695 \"][\/et_pb_section]<\/span><\/p>\n<p>[\/dgat_advancedtabitem][\/dgat_advancedtab][\/et_pb_column][\/et_pb_row][\/et_pb_section]<\/p>\n","protected":false},"excerpt":{"rendered":"<p>Principios e idealesSobre la revistaLa ciencia abierta nuestra vocaci\u00f3n Los or\u00edgenes e ideales que le da sentido a la Revista Digital Internacional de Psicolog\u00eda y Ciencia Social (RDIPyCS) se desprenden del principio primigenio de ciencia abierta. A partir de este principio es que se delimita el alcance de la misi\u00f3n, visi\u00f3n, objetivos, medios, imagen corporativa, [&hellip;]<\/p>\n","protected":false},"author":1,"featured_media":0,"parent":0,"menu_order":0,"comment_status":"closed","ping_status":"closed","template":"","meta":{"_et_pb_use_builder":"on","_et_pb_old_content":"","_et_gb_content_width":"","_coblocks_attr":"","_coblocks_dimensions":"","_coblocks_responsive_height":"","_coblocks_accordion_ie_support":"","footnotes":""},"class_list":["post-16247212","page","type-page","status-publish","hentry"],"_links":{"self":[{"href":"https:\/\/www.aprendevirtual.com\/kekos\/wp-json\/wp\/v2\/pages\/16247212","targetHints":{"allow":["GET"]}}],"collection":[{"href":"https:\/\/www.aprendevirtual.com\/kekos\/wp-json\/wp\/v2\/pages"}],"about":[{"href":"https:\/\/www.aprendevirtual.com\/kekos\/wp-json\/wp\/v2\/types\/page"}],"author":[{"embeddable":true,"href":"https:\/\/www.aprendevirtual.com\/kekos\/wp-json\/wp\/v2\/users\/1"}],"replies":[{"embeddable":true,"href":"https:\/\/www.aprendevirtual.com\/kekos\/wp-json\/wp\/v2\/comments?post=16247212"}],"version-history":[{"count":49,"href":"https:\/\/www.aprendevirtual.com\/kekos\/wp-json\/wp\/v2\/pages\/16247212\/revisions"}],"predecessor-version":[{"id":16248234,"href":"https:\/\/www.aprendevirtual.com\/kekos\/wp-json\/wp\/v2\/pages\/16247212\/revisions\/16248234"}],"wp:attachment":[{"href":"https:\/\/www.aprendevirtual.com\/kekos\/wp-json\/wp\/v2\/media?parent=16247212"}],"curies":[{"name":"wp","href":"https:\/\/api.w.org\/{rel}","templated":true}]}}